{"id":5638,"date":"2025-06-10T18:09:51","date_gmt":"2025-06-10T21:09:51","guid":{"rendered":"http:\/\/kyojin.com.ar\/?post_type=product&#038;p=5638"},"modified":"2026-04-06T11:40:22","modified_gmt":"2026-04-06T14:40:22","slug":"suplemento-kyojin-tradicional-a-base-de-probioticos-180-ml","status":"publish","type":"product","link":"https:\/\/kyojin.com.ar\/en\/product\/suplemento-kyojin-tradicional-a-base-de-probioticos-180-ml\/","title":{"rendered":"KYOJIN Traditional Probiotic-Based Supplement \u2013 180 ml"},"content":{"rendered":"<p data-start=\"376\" data-end=\"864\" class=\"translation-block\">KYOJIN Traditional is a liquid dietary supplement made with probiotics, formulated with colony-forming units of Bacillus subtilis DG101 that provide 100% of the recommended daily intake. Its purpose is to help maintain gut microbiota balance, supporting digestion, improving bowel regularity, strengthening the immune system, and potentially having a positive impact on metabolism and gut-brain communication.<\/p>\n<p data-start=\"866\" data-end=\"1196\">This supplement is vegan-friendly, gluten-free (certified Sin T.A.C.C.), non-GMO, cruelty-free, non-habit-forming, and stable under temperature changes. It is also calorie-free, making it easy to incorporate into various dietary plans.<\/p>\n<p data-start=\"1198\" data-end=\"1505\">The recommended use is to take 10 drops per day, diluted in a glass of water or any other hot or cold beverage. It can be taken at any time of the day\u2014before, during, or after meals. Not recommended for use during pregnancy, breastfeeding, or in children.<\/p>\n<p data-start=\"1507\" data-end=\"1573\">It is Kosher-certified by Ajdut Israel Kosher.<\/p>","protected":false},"excerpt":{"rendered":"<p class=\"translation-block\">Liquid probiotic supplement made with Bacillus subtilis. Vegan-friendly, gluten-free, and non-GMO. Supports digestion and gut balance. Zero calories. Easy to incorporate into your daily routine.<\/p>","protected":false},"featured_media":6890,"template":"","meta":{"inline_featured_image":false,"site-sidebar-layout":"default","site-content-layout":"","ast-site-content-layout":"default","site-content-style":"default","site-sidebar-style":"default","ast-global-header-display":"","ast-banner-title-visibility":"","ast-main-header-display":"","ast-hfb-above-header-display":"","ast-hfb-below-header-display":"","ast-hfb-mobile-header-display":"","site-post-title":"","ast-breadcrumbs-content":"","ast-featured-img":"","footer-sml-layout":"","theme-transparent-header-meta":"default","adv-header-id-meta":"","stick-header-meta":"","header-above-stick-meta":"","header-main-stick-meta":"","header-below-stick-meta":"","astra-migrate-meta-layouts":"set","ast-page-background-enabled":"default","ast-page-background-meta":{"desktop":{"background-color":"var(--ast-global-color-5)","background-image":"","background-repeat":"repeat","background-position":"center center","background-size":"auto","background-attachment":"scroll","background-type":"","background-media":"","overlay-type":"","overlay-color":"","overlay-opacity":"","overlay-gradient":""},"tablet":{"background-color":"","background-image":"","background-repeat":"repeat","background-position":"center center","background-size":"auto","background-attachment":"scroll","background-type":"","background-media":"","overlay-type":"","overlay-color":"","overlay-opacity":"","overlay-gradient":""},"mobile":{"background-color":"","background-image":"","background-repeat":"repeat","background-position":"center center","background-size":"auto","background-attachment":"scroll","background-type":"","background-media":"","overlay-type":"","overlay-color":"","overlay-opacity":"","overlay-gradient":""}},"ast-content-background-meta":{"desktop":{"background-color":"var(--ast-global-color-4)","background-image":"","background-repeat":"repeat","background-position":"center center","background-size":"auto","background-attachment":"scroll","background-type":"","background-media":"","overlay-type":"","overlay-color":"","overlay-opacity":"","overlay-gradient":""},"tablet":{"background-color":"var(--ast-global-color-4)","background-image":"","background-repeat":"repeat","background-position":"center center","background-size":"auto","background-attachment":"scroll","background-type":"","background-media":"","overlay-type":"","overlay-color":"","overlay-opacity":"","overlay-gradient":""},"mobile":{"background-color":"var(--ast-global-color-4)","background-image":"","background-repeat":"repeat","background-position":"center center","background-size":"auto","background-attachment":"scroll","background-type":"","background-media":"","overlay-type":"","overlay-color":"","overlay-opacity":"","overlay-gradient":""}}},"product_brand":[33],"product_cat":[36],"product_tag":[],"class_list":{"0":"post-5638","1":"product","2":"type-product","3":"status-publish","4":"has-post-thumbnail","6":"product_brand-kyojin","7":"product_cat-probioticosyprebioticos","8":"desktop-align-left","9":"tablet-align-left","10":"mobile-align-left","12":"first","13":"instock","14":"taxable","15":"shipping-taxable","16":"purchasable","17":"product-type-simple"},"yoast_head":"<!-- This site is optimized with the Yoast SEO plugin v25.7 - https:\/\/yoast.com\/wordpress\/plugins\/seo\/ -->\n<title>Suplemento KYOJIN Tradicional a base de probi\u00f3ticos \u2013 180 ml<\/title>\n<meta name=\"description\" content=\"Asegur\u00e1 tu bienestar digestivo por m\u00e1s tiempo con Kyojin Tradicional 180 ml. La f\u00f3rmula original de probi\u00f3ticos de Argentina en formato grande.\" \/>\n<meta name=\"robots\" content=\"index, follow, max-snippet:-1, max-image-preview:large, max-video-preview:-1\" \/>\n<link rel=\"canonical\" href=\"https:\/\/kyojin.com.ar\/en\/product\/suplemento-kyojin-tradicional-a-base-de-probioticos-180-ml\/\" \/>\n<meta property=\"og:locale\" content=\"en_GB\" \/>\n<meta property=\"og:type\" content=\"article\" \/>\n<meta property=\"og:title\" content=\"Suplemento KYOJIN Tradicional a base de probi\u00f3ticos \u2013 180 ml\" \/>\n<meta property=\"og:description\" content=\"Asegur\u00e1 tu bienestar digestivo por m\u00e1s tiempo con Kyojin Tradicional 180 ml. La f\u00f3rmula original de probi\u00f3ticos de Argentina en formato grande.\" \/>\n<meta property=\"og:url\" content=\"https:\/\/kyojin.com.ar\/en\/product\/suplemento-kyojin-tradicional-a-base-de-probioticos-180-ml\/\" \/>\n<meta property=\"og:site_name\" content=\"KYOJIN Probi\u00f3ticos\" \/>\n<meta property=\"article:modified_time\" content=\"2026-04-06T14:40:22+00:00\" \/>\n<meta property=\"og:image\" content=\"http:\/\/kyojin.com.ar\/wp-content\/uploads\/2025\/06\/1.jpg\" \/>\n\t<meta property=\"og:image:width\" content=\"2493\" \/>\n\t<meta property=\"og:image:height\" content=\"2493\" \/>\n\t<meta property=\"og:image:type\" content=\"image\/jpeg\" \/>\n<meta name=\"twitter:card\" content=\"summary_large_image\" \/>\n<meta name=\"twitter:label1\" content=\"Estimated reading time\" \/>\n\t<meta name=\"twitter:data1\" content=\"2 minutes\" \/>\n<script type=\"application\/ld+json\" class=\"yoast-schema-graph\">{\"@context\":\"https:\/\/schema.org\",\"@graph\":[{\"@type\":\"WebPage\",\"@id\":\"https:\/\/kyojin.com.ar\/producto\/suplemento-kyojin-tradicional-a-base-de-probioticos-180-ml\/\",\"url\":\"https:\/\/kyojin.com.ar\/producto\/suplemento-kyojin-tradicional-a-base-de-probioticos-180-ml\/\",\"name\":\"Suplemento KYOJIN Tradicional a base de probi\u00f3ticos \u2013 180 ml\",\"isPartOf\":{\"@id\":\"https:\/\/kyojin.com.ar\/#website\"},\"primaryImageOfPage\":{\"@id\":\"https:\/\/kyojin.com.ar\/producto\/suplemento-kyojin-tradicional-a-base-de-probioticos-180-ml\/#primaryimage\"},\"image\":{\"@id\":\"https:\/\/kyojin.com.ar\/producto\/suplemento-kyojin-tradicional-a-base-de-probioticos-180-ml\/#primaryimage\"},\"thumbnailUrl\":\"https:\/\/kyojin.com.ar\/wp-content\/uploads\/2025\/06\/1.jpg\",\"datePublished\":\"2025-06-10T21:09:51+00:00\",\"dateModified\":\"2026-04-06T14:40:22+00:00\",\"description\":\"Asegur\u00e1 tu bienestar digestivo por m\u00e1s tiempo con Kyojin Tradicional 180 ml. La f\u00f3rmula original de probi\u00f3ticos de Argentina en formato grande.\",\"breadcrumb\":{\"@id\":\"https:\/\/kyojin.com.ar\/producto\/suplemento-kyojin-tradicional-a-base-de-probioticos-180-ml\/#breadcrumb\"},\"inLanguage\":\"en-GB\",\"potentialAction\":[{\"@type\":\"ReadAction\",\"target\":[\"https:\/\/kyojin.com.ar\/producto\/suplemento-kyojin-tradicional-a-base-de-probioticos-180-ml\/\"]}]},{\"@type\":\"ImageObject\",\"inLanguage\":\"en-GB\",\"@id\":\"https:\/\/kyojin.com.ar\/producto\/suplemento-kyojin-tradicional-a-base-de-probioticos-180-ml\/#primaryimage\",\"url\":\"https:\/\/kyojin.com.ar\/wp-content\/uploads\/2025\/06\/1.jpg\",\"contentUrl\":\"https:\/\/kyojin.com.ar\/wp-content\/uploads\/2025\/06\/1.jpg\",\"width\":2493,\"height\":2493},{\"@type\":\"BreadcrumbList\",\"@id\":\"https:\/\/kyojin.com.ar\/producto\/suplemento-kyojin-tradicional-a-base-de-probioticos-180-ml\/#breadcrumb\",\"itemListElement\":[{\"@type\":\"ListItem\",\"position\":1,\"name\":\"Portada\",\"item\":\"https:\/\/kyojin.com.ar\/\"},{\"@type\":\"ListItem\",\"position\":2,\"name\":\"Productos\",\"item\":\"http:\/\/kyojin.com.ar\/productos\/\"},{\"@type\":\"ListItem\",\"position\":3,\"name\":\"Suplemento KYOJIN Tradicional a base de probi\u00f3ticos \u2013 180 ml\"}]},{\"@type\":\"WebSite\",\"@id\":\"https:\/\/kyojin.com.ar\/#website\",\"url\":\"https:\/\/kyojin.com.ar\/\",\"name\":\"KYOJIN Probi\u00f3ticos\",\"description\":\"Innovaci\u00f3n cient\u00edfica para una vida m\u00e1s saludable\",\"publisher\":{\"@id\":\"https:\/\/kyojin.com.ar\/#organization\"},\"potentialAction\":[{\"@type\":\"SearchAction\",\"target\":{\"@type\":\"EntryPoint\",\"urlTemplate\":\"https:\/\/kyojin.com.ar\/?s={search_term_string}\"},\"query-input\":{\"@type\":\"PropertyValueSpecification\",\"valueRequired\":true,\"valueName\":\"search_term_string\"}}],\"inLanguage\":\"en-GB\"},{\"@type\":\"Organization\",\"@id\":\"https:\/\/kyojin.com.ar\/#organization\",\"name\":\"KYOJIN Probi\u00f3ticos\",\"url\":\"https:\/\/kyojin.com.ar\/\",\"logo\":{\"@type\":\"ImageObject\",\"inLanguage\":\"en-GB\",\"@id\":\"https:\/\/kyojin.com.ar\/#\/schema\/logo\/image\/\",\"url\":\"https:\/\/kyojin.com.ar\/wp-content\/uploads\/2025\/05\/Kyojin-Logo-2025.svg\",\"contentUrl\":\"https:\/\/kyojin.com.ar\/wp-content\/uploads\/2025\/05\/Kyojin-Logo-2025.svg\",\"width\":1368,\"height\":361,\"caption\":\"KYOJIN Probi\u00f3ticos\"},\"image\":{\"@id\":\"https:\/\/kyojin.com.ar\/#\/schema\/logo\/image\/\"},\"sameAs\":[\"https:\/\/www.instagram.com\/kyojinoficial\/\",\"https:\/\/www.linkedin.com\/company\/kyojinargentina\/posts\/?feedView=all\"]}]}<\/script>\n<!-- \/ Yoast SEO plugin. -->","yoast_head_json":{"title":"KYOJIN Traditional Probiotic-Based Supplement \u2013 180 ml","description":"Asegur\u00e1 tu bienestar digestivo por m\u00e1s tiempo con Kyojin Tradicional 180 ml. La f\u00f3rmula original de probi\u00f3ticos de Argentina en formato grande.","robots":{"index":"index","follow":"follow","max-snippet":"max-snippet:-1","max-image-preview":"max-image-preview:large","max-video-preview":"max-video-preview:-1"},"canonical":"https:\/\/kyojin.com.ar\/en\/product\/suplemento-kyojin-tradicional-a-base-de-probioticos-180-ml\/","og_locale":"en_GB","og_type":"article","og_title":"Suplemento KYOJIN Tradicional a base de probi\u00f3ticos \u2013 180 ml","og_description":"Asegur\u00e1 tu bienestar digestivo por m\u00e1s tiempo con Kyojin Tradicional 180 ml. La f\u00f3rmula original de probi\u00f3ticos de Argentina en formato grande.","og_url":"https:\/\/kyojin.com.ar\/en\/product\/suplemento-kyojin-tradicional-a-base-de-probioticos-180-ml\/","og_site_name":"KYOJIN Probi\u00f3ticos","article_modified_time":"2026-04-06T14:40:22+00:00","og_image":[{"width":2493,"height":2493,"url":"http:\/\/kyojin.com.ar\/wp-content\/uploads\/2025\/06\/1.jpg","type":"image\/jpeg"}],"twitter_card":"summary_large_image","twitter_misc":{"Estimated reading time":"2 minutes"},"schema":{"@context":"https:\/\/schema.org","@graph":[{"@type":"WebPage","@id":"https:\/\/kyojin.com.ar\/producto\/suplemento-kyojin-tradicional-a-base-de-probioticos-180-ml\/","url":"https:\/\/kyojin.com.ar\/producto\/suplemento-kyojin-tradicional-a-base-de-probioticos-180-ml\/","name":"KYOJIN Traditional Probiotic-Based Supplement \u2013 180 ml","isPartOf":{"@id":"https:\/\/kyojin.com.ar\/#website"},"primaryImageOfPage":{"@id":"https:\/\/kyojin.com.ar\/producto\/suplemento-kyojin-tradicional-a-base-de-probioticos-180-ml\/#primaryimage"},"image":{"@id":"https:\/\/kyojin.com.ar\/producto\/suplemento-kyojin-tradicional-a-base-de-probioticos-180-ml\/#primaryimage"},"thumbnailUrl":"https:\/\/kyojin.com.ar\/wp-content\/uploads\/2025\/06\/1.jpg","datePublished":"2025-06-10T21:09:51+00:00","dateModified":"2026-04-06T14:40:22+00:00","description":"Asegur\u00e1 tu bienestar digestivo por m\u00e1s tiempo con Kyojin Tradicional 180 ml. La f\u00f3rmula original de probi\u00f3ticos de Argentina en formato grande.","breadcrumb":{"@id":"https:\/\/kyojin.com.ar\/producto\/suplemento-kyojin-tradicional-a-base-de-probioticos-180-ml\/#breadcrumb"},"inLanguage":"en-GB","potentialAction":[{"@type":"ReadAction","target":["https:\/\/kyojin.com.ar\/producto\/suplemento-kyojin-tradicional-a-base-de-probioticos-180-ml\/"]}]},{"@type":"ImageObject","inLanguage":"en-GB","@id":"https:\/\/kyojin.com.ar\/producto\/suplemento-kyojin-tradicional-a-base-de-probioticos-180-ml\/#primaryimage","url":"https:\/\/kyojin.com.ar\/wp-content\/uploads\/2025\/06\/1.jpg","contentUrl":"https:\/\/kyojin.com.ar\/wp-content\/uploads\/2025\/06\/1.jpg","width":2493,"height":2493},{"@type":"BreadcrumbList","@id":"https:\/\/kyojin.com.ar\/producto\/suplemento-kyojin-tradicional-a-base-de-probioticos-180-ml\/#breadcrumb","itemListElement":[{"@type":"ListItem","position":1,"name":"Portada","item":"https:\/\/kyojin.com.ar\/"},{"@type":"ListItem","position":2,"name":"Productos","item":"http:\/\/kyojin.com.ar\/productos\/"},{"@type":"ListItem","position":3,"name":"Suplemento KYOJIN Tradicional a base de probi\u00f3ticos \u2013 180 ml"}]},{"@type":"WebSite","@id":"https:\/\/kyojin.com.ar\/#website","url":"https:\/\/kyojin.com.ar\/","name":"KYOJIN Probi\u00f3ticos","description":"Innovaci\u00f3n cient\u00edfica para una vida m\u00e1s saludable","publisher":{"@id":"https:\/\/kyojin.com.ar\/#organization"},"potentialAction":[{"@type":"SearchAction","target":{"@type":"EntryPoint","urlTemplate":"https:\/\/kyojin.com.ar\/?s={search_term_string}"},"query-input":{"@type":"PropertyValueSpecification","valueRequired":true,"valueName":"search_term_string"}}],"inLanguage":"en-GB"},{"@type":"Organization","@id":"https:\/\/kyojin.com.ar\/#organization","name":"KYOJIN Probi\u00f3ticos","url":"https:\/\/kyojin.com.ar\/","logo":{"@type":"ImageObject","inLanguage":"en-GB","@id":"https:\/\/kyojin.com.ar\/#\/schema\/logo\/image\/","url":"https:\/\/kyojin.com.ar\/wp-content\/uploads\/2025\/05\/Kyojin-Logo-2025.svg","contentUrl":"https:\/\/kyojin.com.ar\/wp-content\/uploads\/2025\/05\/Kyojin-Logo-2025.svg","width":1368,"height":361,"caption":"KYOJIN Probi\u00f3ticos"},"image":{"@id":"https:\/\/kyojin.com.ar\/#\/schema\/logo\/image\/"},"sameAs":["https:\/\/www.instagram.com\/kyojinoficial\/","https:\/\/www.linkedin.com\/company\/kyojinargentina\/posts\/?feedView=all"]}]}},"_links":{"self":[{"href":"https:\/\/kyojin.com.ar\/en\/wp-json\/wp\/v2\/product\/5638","targetHints":{"allow":["GET"]}}],"collection":[{"href":"https:\/\/kyojin.com.ar\/en\/wp-json\/wp\/v2\/product"}],"about":[{"href":"https:\/\/kyojin.com.ar\/en\/wp-json\/wp\/v2\/types\/product"}],"wp:featuredmedia":[{"embeddable":true,"href":"https:\/\/kyojin.com.ar\/en\/wp-json\/wp\/v2\/media\/6890"}],"wp:attachment":[{"href":"https:\/\/kyojin.com.ar\/en\/wp-json\/wp\/v2\/media?parent=5638"}],"wp:term":[{"taxonomy":"product_brand","embeddable":true,"href":"https:\/\/kyojin.com.ar\/en\/wp-json\/wp\/v2\/product_brand?post=5638"},{"taxonomy":"product_cat","embeddable":true,"href":"https:\/\/kyojin.com.ar\/en\/wp-json\/wp\/v2\/product_cat?post=5638"},{"taxonomy":"product_tag","embeddable":true,"href":"https:\/\/kyojin.com.ar\/en\/wp-json\/wp\/v2\/product_tag?post=5638"}],"curies":[{"name":"wp","href":"https:\/\/api.w.org\/{rel}","templated":true}]}}