{"id":5634,"date":"2025-06-10T18:05:51","date_gmt":"2025-06-10T21:05:51","guid":{"rendered":"http:\/\/kyojin.com.ar\/?post_type=product&#038;p=5634"},"modified":"2026-04-06T11:42:18","modified_gmt":"2026-04-06T14:42:18","slug":"suplemento-kyojin-forte-a-base-de-probioticos-30-comprimidos","status":"publish","type":"product","link":"https:\/\/kyojin.com.ar\/en\/product\/suplemento-kyojin-forte-a-base-de-probioticos-30-comprimidos\/","title":{"rendered":"KYOJIN Forte Probiotic-Based Supplement \u2013 30 tablets"},"content":{"rendered":"<p data-start=\"354\" data-end=\"907\" class=\"translation-block\">KYOJIN Forte is a concentrated dietary supplement made with probiotics, formulated in tablets containing a high concentration of Bacillus subtilis DG101: 1 billion colony-forming units, which is ten times the standard dose and provides 100% of the recommended daily intake. This concentration enhances its action on the gut microbiota, helping improve digestion, bowel regularity, immune system function, and gut-brain axis balance.<\/p>\n<p data-start=\"909\" data-end=\"1141\">This product is vegan-friendly, gluten-free (certified Sin T.A.C.C.), non-GMO, cruelty-free, non-habit-forming, temperature-resistant, and calorie-free.<\/p>\n<p data-start=\"1143\" data-end=\"1345\">It is recommended to take 1 tablet daily, at any time of the day\u2014before, during, or after meals. Not to be used during pregnancy, breastfeeding, or in children.<\/p>\n<p data-start=\"1347\" data-end=\"1426\">KYOJIN Forte is Kosher-certified by Ajdut Israel Kosher.<\/p>","protected":false},"excerpt":{"rendered":"<p class=\"translation-block\">Concentrated probiotic tablet with Bacillus subtilis DG101. High potency, zero calories, vegan-friendly, and gluten-free. Improves digestion and supports the immune system. Ideal for those seeking effectiveness in a smaller dose.<\/p>","protected":false},"featured_media":6667,"template":"","meta":{"inline_featured_image":false,"site-sidebar-layout":"default","site-content-layout":"","ast-site-content-layout":"default","site-content-style":"default","site-sidebar-style":"default","ast-global-header-display":"","ast-banner-title-visibility":"","ast-main-header-display":"","ast-hfb-above-header-display":"","ast-hfb-below-header-display":"","ast-hfb-mobile-header-display":"","site-post-title":"","ast-breadcrumbs-content":"","ast-featured-img":"","footer-sml-layout":"","theme-transparent-header-meta":"default","adv-header-id-meta":"","stick-header-meta":"","header-above-stick-meta":"","header-main-stick-meta":"","header-below-stick-meta":"","astra-migrate-meta-layouts":"set","ast-page-background-enabled":"default","ast-page-background-meta":{"desktop":{"background-color":"var(--ast-global-color-5)","background-image":"","background-repeat":"repeat","background-position":"center center","background-size":"auto","background-attachment":"scroll","background-type":"","background-media":"","overlay-type":"","overlay-color":"","overlay-opacity":"","overlay-gradient":""},"tablet":{"background-color":"","background-image":"","background-repeat":"repeat","background-position":"center center","background-size":"auto","background-attachment":"scroll","background-type":"","background-media":"","overlay-type":"","overlay-color":"","overlay-opacity":"","overlay-gradient":""},"mobile":{"background-color":"","background-image":"","background-repeat":"repeat","background-position":"center center","background-size":"auto","background-attachment":"scroll","background-type":"","background-media":"","overlay-type":"","overlay-color":"","overlay-opacity":"","overlay-gradient":""}},"ast-content-background-meta":{"desktop":{"background-color":"var(--ast-global-color-4)","background-image":"","background-repeat":"repeat","background-position":"center center","background-size":"auto","background-attachment":"scroll","background-type":"","background-media":"","overlay-type":"","overlay-color":"","overlay-opacity":"","overlay-gradient":""},"tablet":{"background-color":"var(--ast-global-color-4)","background-image":"","background-repeat":"repeat","background-position":"center center","background-size":"auto","background-attachment":"scroll","background-type":"","background-media":"","overlay-type":"","overlay-color":"","overlay-opacity":"","overlay-gradient":""},"mobile":{"background-color":"var(--ast-global-color-4)","background-image":"","background-repeat":"repeat","background-position":"center center","background-size":"auto","background-attachment":"scroll","background-type":"","background-media":"","overlay-type":"","overlay-color":"","overlay-opacity":"","overlay-gradient":""}}},"product_brand":[33],"product_cat":[36],"product_tag":[],"class_list":{"0":"post-5634","1":"product","2":"type-product","3":"status-publish","4":"has-post-thumbnail","6":"product_brand-kyojin","7":"product_cat-probioticosyprebioticos","8":"desktop-align-left","9":"tablet-align-left","10":"mobile-align-left","12":"first","13":"instock","14":"taxable","15":"shipping-taxable","16":"purchasable","17":"product-type-simple"},"yoast_head":"<!-- This site is optimized with the Yoast SEO plugin v25.7 - https:\/\/yoast.com\/wordpress\/plugins\/seo\/ -->\n<title>Suplemento KYOJIN Forte a base de probi\u00f3ticos \u2013 30 comprimidos<\/title>\n<meta name=\"description\" content=\"\u00bfNecesit\u00e1s reforzar tus defensas? Kyojin Forte es la f\u00f3rmula avanzada de probi\u00f3ticos en Argentina para un m\u00e1ximo bienestar digestivo e inmune.\" \/>\n<meta name=\"robots\" content=\"index, follow, max-snippet:-1, max-image-preview:large, max-video-preview:-1\" \/>\n<link rel=\"canonical\" href=\"https:\/\/kyojin.com.ar\/en\/product\/suplemento-kyojin-forte-a-base-de-probioticos-30-comprimidos\/\" \/>\n<meta property=\"og:locale\" content=\"en_GB\" \/>\n<meta property=\"og:type\" content=\"article\" \/>\n<meta property=\"og:title\" content=\"Suplemento KYOJIN Forte a base de probi\u00f3ticos \u2013 30 comprimidos\" \/>\n<meta property=\"og:description\" content=\"\u00bfNecesit\u00e1s reforzar tus defensas? Kyojin Forte es la f\u00f3rmula avanzada de probi\u00f3ticos en Argentina para un m\u00e1ximo bienestar digestivo e inmune.\" \/>\n<meta property=\"og:url\" content=\"https:\/\/kyojin.com.ar\/en\/product\/suplemento-kyojin-forte-a-base-de-probioticos-30-comprimidos\/\" \/>\n<meta property=\"og:site_name\" content=\"KYOJIN Probi\u00f3ticos\" \/>\n<meta property=\"article:modified_time\" content=\"2026-04-06T14:42:18+00:00\" \/>\n<meta property=\"og:image\" content=\"http:\/\/kyojin.com.ar\/wp-content\/uploads\/2025\/08\/DSC_0001-scaled.jpg\" \/>\n\t<meta property=\"og:image:width\" content=\"2560\" \/>\n\t<meta property=\"og:image:height\" content=\"2560\" \/>\n\t<meta property=\"og:image:type\" content=\"image\/jpeg\" \/>\n<meta name=\"twitter:card\" content=\"summary_large_image\" \/>\n<meta name=\"twitter:label1\" content=\"Estimated reading time\" \/>\n\t<meta name=\"twitter:data1\" content=\"1 minute\" \/>\n<script type=\"application\/ld+json\" class=\"yoast-schema-graph\">{\"@context\":\"https:\/\/schema.org\",\"@graph\":[{\"@type\":\"WebPage\",\"@id\":\"https:\/\/kyojin.com.ar\/producto\/suplemento-kyojin-forte-a-base-de-probioticos-30-comprimidos\/\",\"url\":\"https:\/\/kyojin.com.ar\/producto\/suplemento-kyojin-forte-a-base-de-probioticos-30-comprimidos\/\",\"name\":\"Suplemento KYOJIN Forte a base de probi\u00f3ticos \u2013 30 comprimidos\",\"isPartOf\":{\"@id\":\"https:\/\/kyojin.com.ar\/#website\"},\"primaryImageOfPage\":{\"@id\":\"https:\/\/kyojin.com.ar\/producto\/suplemento-kyojin-forte-a-base-de-probioticos-30-comprimidos\/#primaryimage\"},\"image\":{\"@id\":\"https:\/\/kyojin.com.ar\/producto\/suplemento-kyojin-forte-a-base-de-probioticos-30-comprimidos\/#primaryimage\"},\"thumbnailUrl\":\"https:\/\/kyojin.com.ar\/wp-content\/uploads\/2025\/08\/DSC_0001-scaled.jpg\",\"datePublished\":\"2025-06-10T21:05:51+00:00\",\"dateModified\":\"2026-04-06T14:42:18+00:00\",\"description\":\"\u00bfNecesit\u00e1s reforzar tus defensas? Kyojin Forte es la f\u00f3rmula avanzada de probi\u00f3ticos en Argentina para un m\u00e1ximo bienestar digestivo e inmune.\",\"breadcrumb\":{\"@id\":\"https:\/\/kyojin.com.ar\/producto\/suplemento-kyojin-forte-a-base-de-probioticos-30-comprimidos\/#breadcrumb\"},\"inLanguage\":\"en-GB\",\"potentialAction\":[{\"@type\":\"ReadAction\",\"target\":[\"https:\/\/kyojin.com.ar\/producto\/suplemento-kyojin-forte-a-base-de-probioticos-30-comprimidos\/\"]}]},{\"@type\":\"ImageObject\",\"inLanguage\":\"en-GB\",\"@id\":\"https:\/\/kyojin.com.ar\/producto\/suplemento-kyojin-forte-a-base-de-probioticos-30-comprimidos\/#primaryimage\",\"url\":\"https:\/\/kyojin.com.ar\/wp-content\/uploads\/2025\/08\/DSC_0001-scaled.jpg\",\"contentUrl\":\"https:\/\/kyojin.com.ar\/wp-content\/uploads\/2025\/08\/DSC_0001-scaled.jpg\",\"width\":2560,\"height\":2560},{\"@type\":\"BreadcrumbList\",\"@id\":\"https:\/\/kyojin.com.ar\/producto\/suplemento-kyojin-forte-a-base-de-probioticos-30-comprimidos\/#breadcrumb\",\"itemListElement\":[{\"@type\":\"ListItem\",\"position\":1,\"name\":\"Portada\",\"item\":\"https:\/\/kyojin.com.ar\/\"},{\"@type\":\"ListItem\",\"position\":2,\"name\":\"Productos\",\"item\":\"http:\/\/kyojin.com.ar\/productos\/\"},{\"@type\":\"ListItem\",\"position\":3,\"name\":\"Suplemento KYOJIN Forte a base de probi\u00f3ticos \u2013 30 comprimidos\"}]},{\"@type\":\"WebSite\",\"@id\":\"https:\/\/kyojin.com.ar\/#website\",\"url\":\"https:\/\/kyojin.com.ar\/\",\"name\":\"KYOJIN Probi\u00f3ticos\",\"description\":\"Innovaci\u00f3n cient\u00edfica para una vida m\u00e1s saludable\",\"publisher\":{\"@id\":\"https:\/\/kyojin.com.ar\/#organization\"},\"potentialAction\":[{\"@type\":\"SearchAction\",\"target\":{\"@type\":\"EntryPoint\",\"urlTemplate\":\"https:\/\/kyojin.com.ar\/?s={search_term_string}\"},\"query-input\":{\"@type\":\"PropertyValueSpecification\",\"valueRequired\":true,\"valueName\":\"search_term_string\"}}],\"inLanguage\":\"en-GB\"},{\"@type\":\"Organization\",\"@id\":\"https:\/\/kyojin.com.ar\/#organization\",\"name\":\"KYOJIN Probi\u00f3ticos\",\"url\":\"https:\/\/kyojin.com.ar\/\",\"logo\":{\"@type\":\"ImageObject\",\"inLanguage\":\"en-GB\",\"@id\":\"https:\/\/kyojin.com.ar\/#\/schema\/logo\/image\/\",\"url\":\"https:\/\/kyojin.com.ar\/wp-content\/uploads\/2025\/05\/Kyojin-Logo-2025.svg\",\"contentUrl\":\"https:\/\/kyojin.com.ar\/wp-content\/uploads\/2025\/05\/Kyojin-Logo-2025.svg\",\"width\":1368,\"height\":361,\"caption\":\"KYOJIN Probi\u00f3ticos\"},\"image\":{\"@id\":\"https:\/\/kyojin.com.ar\/#\/schema\/logo\/image\/\"},\"sameAs\":[\"https:\/\/www.instagram.com\/kyojinoficial\/\",\"https:\/\/www.linkedin.com\/company\/kyojinargentina\/posts\/?feedView=all\"]}]}<\/script>\n<!-- \/ Yoast SEO plugin. -->","yoast_head_json":{"title":"KYOJIN Forte Probiotic-Based Supplement \u2013 30 tablets","description":"\u00bfNecesit\u00e1s reforzar tus defensas? Kyojin Forte es la f\u00f3rmula avanzada de probi\u00f3ticos en Argentina para un m\u00e1ximo bienestar digestivo e inmune.","robots":{"index":"index","follow":"follow","max-snippet":"max-snippet:-1","max-image-preview":"max-image-preview:large","max-video-preview":"max-video-preview:-1"},"canonical":"https:\/\/kyojin.com.ar\/en\/product\/suplemento-kyojin-forte-a-base-de-probioticos-30-comprimidos\/","og_locale":"en_GB","og_type":"article","og_title":"Suplemento KYOJIN Forte a base de probi\u00f3ticos \u2013 30 comprimidos","og_description":"\u00bfNecesit\u00e1s reforzar tus defensas? Kyojin Forte es la f\u00f3rmula avanzada de probi\u00f3ticos en Argentina para un m\u00e1ximo bienestar digestivo e inmune.","og_url":"https:\/\/kyojin.com.ar\/en\/product\/suplemento-kyojin-forte-a-base-de-probioticos-30-comprimidos\/","og_site_name":"KYOJIN Probi\u00f3ticos","article_modified_time":"2026-04-06T14:42:18+00:00","og_image":[{"width":2560,"height":2560,"url":"http:\/\/kyojin.com.ar\/wp-content\/uploads\/2025\/08\/DSC_0001-scaled.jpg","type":"image\/jpeg"}],"twitter_card":"summary_large_image","twitter_misc":{"Estimated reading time":"1 minute"},"schema":{"@context":"https:\/\/schema.org","@graph":[{"@type":"WebPage","@id":"https:\/\/kyojin.com.ar\/producto\/suplemento-kyojin-forte-a-base-de-probioticos-30-comprimidos\/","url":"https:\/\/kyojin.com.ar\/producto\/suplemento-kyojin-forte-a-base-de-probioticos-30-comprimidos\/","name":"KYOJIN Forte Probiotic-Based Supplement \u2013 30 tablets","isPartOf":{"@id":"https:\/\/kyojin.com.ar\/#website"},"primaryImageOfPage":{"@id":"https:\/\/kyojin.com.ar\/producto\/suplemento-kyojin-forte-a-base-de-probioticos-30-comprimidos\/#primaryimage"},"image":{"@id":"https:\/\/kyojin.com.ar\/producto\/suplemento-kyojin-forte-a-base-de-probioticos-30-comprimidos\/#primaryimage"},"thumbnailUrl":"https:\/\/kyojin.com.ar\/wp-content\/uploads\/2025\/08\/DSC_0001-scaled.jpg","datePublished":"2025-06-10T21:05:51+00:00","dateModified":"2026-04-06T14:42:18+00:00","description":"\u00bfNecesit\u00e1s reforzar tus defensas? Kyojin Forte es la f\u00f3rmula avanzada de probi\u00f3ticos en Argentina para un m\u00e1ximo bienestar digestivo e inmune.","breadcrumb":{"@id":"https:\/\/kyojin.com.ar\/producto\/suplemento-kyojin-forte-a-base-de-probioticos-30-comprimidos\/#breadcrumb"},"inLanguage":"en-GB","potentialAction":[{"@type":"ReadAction","target":["https:\/\/kyojin.com.ar\/producto\/suplemento-kyojin-forte-a-base-de-probioticos-30-comprimidos\/"]}]},{"@type":"ImageObject","inLanguage":"en-GB","@id":"https:\/\/kyojin.com.ar\/producto\/suplemento-kyojin-forte-a-base-de-probioticos-30-comprimidos\/#primaryimage","url":"https:\/\/kyojin.com.ar\/wp-content\/uploads\/2025\/08\/DSC_0001-scaled.jpg","contentUrl":"https:\/\/kyojin.com.ar\/wp-content\/uploads\/2025\/08\/DSC_0001-scaled.jpg","width":2560,"height":2560},{"@type":"BreadcrumbList","@id":"https:\/\/kyojin.com.ar\/producto\/suplemento-kyojin-forte-a-base-de-probioticos-30-comprimidos\/#breadcrumb","itemListElement":[{"@type":"ListItem","position":1,"name":"Portada","item":"https:\/\/kyojin.com.ar\/"},{"@type":"ListItem","position":2,"name":"Productos","item":"http:\/\/kyojin.com.ar\/productos\/"},{"@type":"ListItem","position":3,"name":"Suplemento KYOJIN Forte a base de probi\u00f3ticos \u2013 30 comprimidos"}]},{"@type":"WebSite","@id":"https:\/\/kyojin.com.ar\/#website","url":"https:\/\/kyojin.com.ar\/","name":"KYOJIN Probi\u00f3ticos","description":"Innovaci\u00f3n cient\u00edfica para una vida m\u00e1s saludable","publisher":{"@id":"https:\/\/kyojin.com.ar\/#organization"},"potentialAction":[{"@type":"SearchAction","target":{"@type":"EntryPoint","urlTemplate":"https:\/\/kyojin.com.ar\/?s={search_term_string}"},"query-input":{"@type":"PropertyValueSpecification","valueRequired":true,"valueName":"search_term_string"}}],"inLanguage":"en-GB"},{"@type":"Organization","@id":"https:\/\/kyojin.com.ar\/#organization","name":"KYOJIN Probi\u00f3ticos","url":"https:\/\/kyojin.com.ar\/","logo":{"@type":"ImageObject","inLanguage":"en-GB","@id":"https:\/\/kyojin.com.ar\/#\/schema\/logo\/image\/","url":"https:\/\/kyojin.com.ar\/wp-content\/uploads\/2025\/05\/Kyojin-Logo-2025.svg","contentUrl":"https:\/\/kyojin.com.ar\/wp-content\/uploads\/2025\/05\/Kyojin-Logo-2025.svg","width":1368,"height":361,"caption":"KYOJIN Probi\u00f3ticos"},"image":{"@id":"https:\/\/kyojin.com.ar\/#\/schema\/logo\/image\/"},"sameAs":["https:\/\/www.instagram.com\/kyojinoficial\/","https:\/\/www.linkedin.com\/company\/kyojinargentina\/posts\/?feedView=all"]}]}},"_links":{"self":[{"href":"https:\/\/kyojin.com.ar\/en\/wp-json\/wp\/v2\/product\/5634","targetHints":{"allow":["GET"]}}],"collection":[{"href":"https:\/\/kyojin.com.ar\/en\/wp-json\/wp\/v2\/product"}],"about":[{"href":"https:\/\/kyojin.com.ar\/en\/wp-json\/wp\/v2\/types\/product"}],"wp:featuredmedia":[{"embeddable":true,"href":"https:\/\/kyojin.com.ar\/en\/wp-json\/wp\/v2\/media\/6667"}],"wp:attachment":[{"href":"https:\/\/kyojin.com.ar\/en\/wp-json\/wp\/v2\/media?parent=5634"}],"wp:term":[{"taxonomy":"product_brand","embeddable":true,"href":"https:\/\/kyojin.com.ar\/en\/wp-json\/wp\/v2\/product_brand?post=5634"},{"taxonomy":"product_cat","embeddable":true,"href":"https:\/\/kyojin.com.ar\/en\/wp-json\/wp\/v2\/product_cat?post=5634"},{"taxonomy":"product_tag","embeddable":true,"href":"https:\/\/kyojin.com.ar\/en\/wp-json\/wp\/v2\/product_tag?post=5634"}],"curies":[{"name":"wp","href":"https:\/\/api.w.org\/{rel}","templated":true}]}}