{"id":5620,"date":"2025-06-10T17:12:50","date_gmt":"2025-06-10T20:12:50","guid":{"rendered":"http:\/\/kyojin.com.ar\/?post_type=product&#038;p=5620"},"modified":"2026-04-06T11:43:33","modified_gmt":"2026-04-06T14:43:33","slug":"repelente-de-mosquitos-kyojin-kids-para-ninos-en-spray-sin-deet-100-ml","status":"publish","type":"product","link":"https:\/\/kyojin.com.ar\/en\/product\/repelente-de-mosquitos-kyojin-kids-para-ninos-en-spray-sin-deet-100-ml\/","title":{"rendered":"KYOJIN Kids' Natural Mosquito Repellent (DEET-Free)"},"content":{"rendered":"<p data-start=\"353\" data-end=\"681\">KYOJIN Kids Mosquito Repellent Spray is specially formulated for children, with a blend of essential oils including citronella, lemongrass, vanilla, tea tree, rosemary, and geranium. It contains no DEET or parabens, making it a gentler and safer option for child care.<\/p>\n<p data-start=\"683\" data-end=\"947\" class=\"translation-block\">ChatGPT dijo:\nThis repellent works by creating a natural olfactory barrier on the skin, thanks to the repellent effect of essential oils. This action helps effectively ward off mosquitoes, including those that transmit diseases such as dengue (Aedes aegypti).<\/p>\n<p data-start=\"1162\" data-end=\"1349\" class=\"translation-block\">Provides over 12 hours of continuous protection, and its effectiveness against Aedes aegypti is supported by certified studies from CEPAVE (Center for Parasitological and Vector Studies), part of the National University of La Plata (UNLP) and CONICET.<\/p>\n<p data-start=\"1162\" data-end=\"1349\">It is recommended to apply directly to exposed skin, avoiding contact with eyes and mucous membranes. Reapply in case of sweating or after several hours of outdoor exposure.<\/p>","protected":false},"excerpt":{"rendered":"<p>A natural, DEET-free repellent formulated with essential oils. It protects against mosquitoes, including Aedes aegypti, and is safe for kids and paraben-free. Efficacy validated by CEPAVE \u2013 CONICET.<\/p>","protected":false},"featured_media":6697,"template":"","meta":{"inline_featured_image":false,"site-sidebar-layout":"default","site-content-layout":"","ast-site-content-layout":"default","site-content-style":"default","site-sidebar-style":"default","ast-global-header-display":"","ast-banner-title-visibility":"","ast-main-header-display":"","ast-hfb-above-header-display":"","ast-hfb-below-header-display":"","ast-hfb-mobile-header-display":"","site-post-title":"","ast-breadcrumbs-content":"","ast-featured-img":"","footer-sml-layout":"","theme-transparent-header-meta":"default","adv-header-id-meta":"","stick-header-meta":"","header-above-stick-meta":"","header-main-stick-meta":"","header-below-stick-meta":"","astra-migrate-meta-layouts":"set","ast-page-background-enabled":"default","ast-page-background-meta":{"desktop":{"background-color":"var(--ast-global-color-5)","background-image":"","background-repeat":"repeat","background-position":"center center","background-size":"auto","background-attachment":"scroll","background-type":"","background-media":"","overlay-type":"","overlay-color":"","overlay-opacity":"","overlay-gradient":""},"tablet":{"background-color":"","background-image":"","background-repeat":"repeat","background-position":"center center","background-size":"auto","background-attachment":"scroll","background-type":"","background-media":"","overlay-type":"","overlay-color":"","overlay-opacity":"","overlay-gradient":""},"mobile":{"background-color":"","background-image":"","background-repeat":"repeat","background-position":"center center","background-size":"auto","background-attachment":"scroll","background-type":"","background-media":"","overlay-type":"","overlay-color":"","overlay-opacity":"","overlay-gradient":""}},"ast-content-background-meta":{"desktop":{"background-color":"var(--ast-global-color-4)","background-image":"","background-repeat":"repeat","background-position":"center center","background-size":"auto","background-attachment":"scroll","background-type":"","background-media":"","overlay-type":"","overlay-color":"","overlay-opacity":"","overlay-gradient":""},"tablet":{"background-color":"var(--ast-global-color-4)","background-image":"","background-repeat":"repeat","background-position":"center center","background-size":"auto","background-attachment":"scroll","background-type":"","background-media":"","overlay-type":"","overlay-color":"","overlay-opacity":"","overlay-gradient":""},"mobile":{"background-color":"var(--ast-global-color-4)","background-image":"","background-repeat":"repeat","background-position":"center center","background-size":"auto","background-attachment":"scroll","background-type":"","background-media":"","overlay-type":"","overlay-color":"","overlay-opacity":"","overlay-gradient":""}}},"product_brand":[33],"product_cat":[32],"product_tag":[],"class_list":{"0":"post-5620","1":"product","2":"type-product","3":"status-publish","4":"has-post-thumbnail","6":"product_brand-kyojin","7":"product_cat-repelentes","8":"desktop-align-left","9":"tablet-align-left","10":"mobile-align-left","12":"first","13":"instock","14":"taxable","15":"shipping-taxable","16":"purchasable","17":"product-type-simple"},"yoast_head":"<!-- This site is optimized with the Yoast SEO plugin v25.7 - https:\/\/yoast.com\/wordpress\/plugins\/seo\/ -->\n<title>Repelente de mosquitos natural KYOJIN para ni\u00f1os (Sin DEET)<\/title>\n<meta name=\"description\" content=\"Protecci\u00f3n segura para los que m\u00e1s quer\u00e9s. Kyojin es el repelente para ni\u00f1os sin DEET que cuida su piel y los mantiene lejos de los mosquitos.\" \/>\n<meta name=\"robots\" content=\"index, follow, max-snippet:-1, max-image-preview:large, max-video-preview:-1\" \/>\n<link rel=\"canonical\" href=\"https:\/\/kyojin.com.ar\/en\/product\/repelente-de-mosquitos-kyojin-kids-para-ninos-en-spray-sin-deet-100-ml\/\" \/>\n<meta property=\"og:locale\" content=\"en_GB\" \/>\n<meta property=\"og:type\" content=\"article\" \/>\n<meta property=\"og:title\" content=\"Repelente de mosquitos natural KYOJIN para ni\u00f1os (Sin DEET)\" \/>\n<meta property=\"og:description\" content=\"Protecci\u00f3n segura para los que m\u00e1s quer\u00e9s. Kyojin es el repelente para ni\u00f1os sin DEET que cuida su piel y los mantiene lejos de los mosquitos.\" \/>\n<meta property=\"og:url\" content=\"https:\/\/kyojin.com.ar\/en\/product\/repelente-de-mosquitos-kyojin-kids-para-ninos-en-spray-sin-deet-100-ml\/\" \/>\n<meta property=\"og:site_name\" content=\"KYOJIN Probi\u00f3ticos\" \/>\n<meta property=\"article:modified_time\" content=\"2026-04-06T14:43:33+00:00\" \/>\n<meta property=\"og:image\" content=\"http:\/\/kyojin.com.ar\/wp-content\/uploads\/2025\/08\/DSC_0031-scaled.jpg\" \/>\n\t<meta property=\"og:image:width\" content=\"2560\" \/>\n\t<meta property=\"og:image:height\" content=\"2560\" \/>\n\t<meta property=\"og:image:type\" content=\"image\/jpeg\" \/>\n<meta name=\"twitter:card\" content=\"summary_large_image\" \/>\n<meta name=\"twitter:label1\" content=\"Estimated reading time\" \/>\n\t<meta name=\"twitter:data1\" content=\"1 minute\" \/>\n<script type=\"application\/ld+json\" class=\"yoast-schema-graph\">{\"@context\":\"https:\/\/schema.org\",\"@graph\":[{\"@type\":\"WebPage\",\"@id\":\"https:\/\/kyojin.com.ar\/producto\/repelente-de-mosquitos-kyojin-kids-para-ninos-en-spray-sin-deet-100-ml\/\",\"url\":\"https:\/\/kyojin.com.ar\/producto\/repelente-de-mosquitos-kyojin-kids-para-ninos-en-spray-sin-deet-100-ml\/\",\"name\":\"Repelente de mosquitos natural KYOJIN para ni\u00f1os (Sin DEET)\",\"isPartOf\":{\"@id\":\"https:\/\/kyojin.com.ar\/#website\"},\"primaryImageOfPage\":{\"@id\":\"https:\/\/kyojin.com.ar\/producto\/repelente-de-mosquitos-kyojin-kids-para-ninos-en-spray-sin-deet-100-ml\/#primaryimage\"},\"image\":{\"@id\":\"https:\/\/kyojin.com.ar\/producto\/repelente-de-mosquitos-kyojin-kids-para-ninos-en-spray-sin-deet-100-ml\/#primaryimage\"},\"thumbnailUrl\":\"https:\/\/kyojin.com.ar\/wp-content\/uploads\/2025\/08\/DSC_0031-scaled.jpg\",\"datePublished\":\"2025-06-10T20:12:50+00:00\",\"dateModified\":\"2026-04-06T14:43:33+00:00\",\"description\":\"Protecci\u00f3n segura para los que m\u00e1s quer\u00e9s. Kyojin es el repelente para ni\u00f1os sin DEET que cuida su piel y los mantiene lejos de los mosquitos.\",\"breadcrumb\":{\"@id\":\"https:\/\/kyojin.com.ar\/producto\/repelente-de-mosquitos-kyojin-kids-para-ninos-en-spray-sin-deet-100-ml\/#breadcrumb\"},\"inLanguage\":\"en-GB\",\"potentialAction\":[{\"@type\":\"ReadAction\",\"target\":[\"https:\/\/kyojin.com.ar\/producto\/repelente-de-mosquitos-kyojin-kids-para-ninos-en-spray-sin-deet-100-ml\/\"]}]},{\"@type\":\"ImageObject\",\"inLanguage\":\"en-GB\",\"@id\":\"https:\/\/kyojin.com.ar\/producto\/repelente-de-mosquitos-kyojin-kids-para-ninos-en-spray-sin-deet-100-ml\/#primaryimage\",\"url\":\"https:\/\/kyojin.com.ar\/wp-content\/uploads\/2025\/08\/DSC_0031-scaled.jpg\",\"contentUrl\":\"https:\/\/kyojin.com.ar\/wp-content\/uploads\/2025\/08\/DSC_0031-scaled.jpg\",\"width\":2560,\"height\":2560},{\"@type\":\"BreadcrumbList\",\"@id\":\"https:\/\/kyojin.com.ar\/producto\/repelente-de-mosquitos-kyojin-kids-para-ninos-en-spray-sin-deet-100-ml\/#breadcrumb\",\"itemListElement\":[{\"@type\":\"ListItem\",\"position\":1,\"name\":\"Portada\",\"item\":\"https:\/\/kyojin.com.ar\/\"},{\"@type\":\"ListItem\",\"position\":2,\"name\":\"Productos\",\"item\":\"http:\/\/kyojin.com.ar\/productos\/\"},{\"@type\":\"ListItem\",\"position\":3,\"name\":\"Repelente de mosquitos natural KYOJIN para ni\u00f1os (Sin DEET)\"}]},{\"@type\":\"WebSite\",\"@id\":\"https:\/\/kyojin.com.ar\/#website\",\"url\":\"https:\/\/kyojin.com.ar\/\",\"name\":\"KYOJIN Probi\u00f3ticos\",\"description\":\"Innovaci\u00f3n cient\u00edfica para una vida m\u00e1s saludable\",\"publisher\":{\"@id\":\"https:\/\/kyojin.com.ar\/#organization\"},\"potentialAction\":[{\"@type\":\"SearchAction\",\"target\":{\"@type\":\"EntryPoint\",\"urlTemplate\":\"https:\/\/kyojin.com.ar\/?s={search_term_string}\"},\"query-input\":{\"@type\":\"PropertyValueSpecification\",\"valueRequired\":true,\"valueName\":\"search_term_string\"}}],\"inLanguage\":\"en-GB\"},{\"@type\":\"Organization\",\"@id\":\"https:\/\/kyojin.com.ar\/#organization\",\"name\":\"KYOJIN Probi\u00f3ticos\",\"url\":\"https:\/\/kyojin.com.ar\/\",\"logo\":{\"@type\":\"ImageObject\",\"inLanguage\":\"en-GB\",\"@id\":\"https:\/\/kyojin.com.ar\/#\/schema\/logo\/image\/\",\"url\":\"https:\/\/kyojin.com.ar\/wp-content\/uploads\/2025\/05\/Kyojin-Logo-2025.svg\",\"contentUrl\":\"https:\/\/kyojin.com.ar\/wp-content\/uploads\/2025\/05\/Kyojin-Logo-2025.svg\",\"width\":1368,\"height\":361,\"caption\":\"KYOJIN Probi\u00f3ticos\"},\"image\":{\"@id\":\"https:\/\/kyojin.com.ar\/#\/schema\/logo\/image\/\"},\"sameAs\":[\"https:\/\/www.instagram.com\/kyojinoficial\/\",\"https:\/\/www.linkedin.com\/company\/kyojinargentina\/posts\/?feedView=all\"]}]}<\/script>\n<!-- \/ Yoast SEO plugin. -->","yoast_head_json":{"title":"KYOJIN Kids' Natural Mosquito Repellent (DEET-Free)","description":"Protecci\u00f3n segura para los que m\u00e1s quer\u00e9s. Kyojin es el repelente para ni\u00f1os sin DEET que cuida su piel y los mantiene lejos de los mosquitos.","robots":{"index":"index","follow":"follow","max-snippet":"max-snippet:-1","max-image-preview":"max-image-preview:large","max-video-preview":"max-video-preview:-1"},"canonical":"https:\/\/kyojin.com.ar\/en\/product\/repelente-de-mosquitos-kyojin-kids-para-ninos-en-spray-sin-deet-100-ml\/","og_locale":"en_GB","og_type":"article","og_title":"Repelente de mosquitos natural KYOJIN para ni\u00f1os (Sin DEET)","og_description":"Protecci\u00f3n segura para los que m\u00e1s quer\u00e9s. Kyojin es el repelente para ni\u00f1os sin DEET que cuida su piel y los mantiene lejos de los mosquitos.","og_url":"https:\/\/kyojin.com.ar\/en\/product\/repelente-de-mosquitos-kyojin-kids-para-ninos-en-spray-sin-deet-100-ml\/","og_site_name":"KYOJIN Probi\u00f3ticos","article_modified_time":"2026-04-06T14:43:33+00:00","og_image":[{"width":2560,"height":2560,"url":"http:\/\/kyojin.com.ar\/wp-content\/uploads\/2025\/08\/DSC_0031-scaled.jpg","type":"image\/jpeg"}],"twitter_card":"summary_large_image","twitter_misc":{"Estimated reading time":"1 minute"},"schema":{"@context":"https:\/\/schema.org","@graph":[{"@type":"WebPage","@id":"https:\/\/kyojin.com.ar\/producto\/repelente-de-mosquitos-kyojin-kids-para-ninos-en-spray-sin-deet-100-ml\/","url":"https:\/\/kyojin.com.ar\/producto\/repelente-de-mosquitos-kyojin-kids-para-ninos-en-spray-sin-deet-100-ml\/","name":"KYOJIN Kids' Natural Mosquito Repellent (DEET-Free)","isPartOf":{"@id":"https:\/\/kyojin.com.ar\/#website"},"primaryImageOfPage":{"@id":"https:\/\/kyojin.com.ar\/producto\/repelente-de-mosquitos-kyojin-kids-para-ninos-en-spray-sin-deet-100-ml\/#primaryimage"},"image":{"@id":"https:\/\/kyojin.com.ar\/producto\/repelente-de-mosquitos-kyojin-kids-para-ninos-en-spray-sin-deet-100-ml\/#primaryimage"},"thumbnailUrl":"https:\/\/kyojin.com.ar\/wp-content\/uploads\/2025\/08\/DSC_0031-scaled.jpg","datePublished":"2025-06-10T20:12:50+00:00","dateModified":"2026-04-06T14:43:33+00:00","description":"Protecci\u00f3n segura para los que m\u00e1s quer\u00e9s. Kyojin es el repelente para ni\u00f1os sin DEET que cuida su piel y los mantiene lejos de los mosquitos.","breadcrumb":{"@id":"https:\/\/kyojin.com.ar\/producto\/repelente-de-mosquitos-kyojin-kids-para-ninos-en-spray-sin-deet-100-ml\/#breadcrumb"},"inLanguage":"en-GB","potentialAction":[{"@type":"ReadAction","target":["https:\/\/kyojin.com.ar\/producto\/repelente-de-mosquitos-kyojin-kids-para-ninos-en-spray-sin-deet-100-ml\/"]}]},{"@type":"ImageObject","inLanguage":"en-GB","@id":"https:\/\/kyojin.com.ar\/producto\/repelente-de-mosquitos-kyojin-kids-para-ninos-en-spray-sin-deet-100-ml\/#primaryimage","url":"https:\/\/kyojin.com.ar\/wp-content\/uploads\/2025\/08\/DSC_0031-scaled.jpg","contentUrl":"https:\/\/kyojin.com.ar\/wp-content\/uploads\/2025\/08\/DSC_0031-scaled.jpg","width":2560,"height":2560},{"@type":"BreadcrumbList","@id":"https:\/\/kyojin.com.ar\/producto\/repelente-de-mosquitos-kyojin-kids-para-ninos-en-spray-sin-deet-100-ml\/#breadcrumb","itemListElement":[{"@type":"ListItem","position":1,"name":"Portada","item":"https:\/\/kyojin.com.ar\/"},{"@type":"ListItem","position":2,"name":"Productos","item":"http:\/\/kyojin.com.ar\/productos\/"},{"@type":"ListItem","position":3,"name":"Repelente de mosquitos natural KYOJIN para ni\u00f1os (Sin DEET)"}]},{"@type":"WebSite","@id":"https:\/\/kyojin.com.ar\/#website","url":"https:\/\/kyojin.com.ar\/","name":"KYOJIN Probi\u00f3ticos","description":"Innovaci\u00f3n cient\u00edfica para una vida m\u00e1s saludable","publisher":{"@id":"https:\/\/kyojin.com.ar\/#organization"},"potentialAction":[{"@type":"SearchAction","target":{"@type":"EntryPoint","urlTemplate":"https:\/\/kyojin.com.ar\/?s={search_term_string}"},"query-input":{"@type":"PropertyValueSpecification","valueRequired":true,"valueName":"search_term_string"}}],"inLanguage":"en-GB"},{"@type":"Organization","@id":"https:\/\/kyojin.com.ar\/#organization","name":"KYOJIN Probi\u00f3ticos","url":"https:\/\/kyojin.com.ar\/","logo":{"@type":"ImageObject","inLanguage":"en-GB","@id":"https:\/\/kyojin.com.ar\/#\/schema\/logo\/image\/","url":"https:\/\/kyojin.com.ar\/wp-content\/uploads\/2025\/05\/Kyojin-Logo-2025.svg","contentUrl":"https:\/\/kyojin.com.ar\/wp-content\/uploads\/2025\/05\/Kyojin-Logo-2025.svg","width":1368,"height":361,"caption":"KYOJIN Probi\u00f3ticos"},"image":{"@id":"https:\/\/kyojin.com.ar\/#\/schema\/logo\/image\/"},"sameAs":["https:\/\/www.instagram.com\/kyojinoficial\/","https:\/\/www.linkedin.com\/company\/kyojinargentina\/posts\/?feedView=all"]}]}},"_links":{"self":[{"href":"https:\/\/kyojin.com.ar\/en\/wp-json\/wp\/v2\/product\/5620","targetHints":{"allow":["GET"]}}],"collection":[{"href":"https:\/\/kyojin.com.ar\/en\/wp-json\/wp\/v2\/product"}],"about":[{"href":"https:\/\/kyojin.com.ar\/en\/wp-json\/wp\/v2\/types\/product"}],"wp:featuredmedia":[{"embeddable":true,"href":"https:\/\/kyojin.com.ar\/en\/wp-json\/wp\/v2\/media\/6697"}],"wp:attachment":[{"href":"https:\/\/kyojin.com.ar\/en\/wp-json\/wp\/v2\/media?parent=5620"}],"wp:term":[{"taxonomy":"product_brand","embeddable":true,"href":"https:\/\/kyojin.com.ar\/en\/wp-json\/wp\/v2\/product_brand?post=5620"},{"taxonomy":"product_cat","embeddable":true,"href":"https:\/\/kyojin.com.ar\/en\/wp-json\/wp\/v2\/product_cat?post=5620"},{"taxonomy":"product_tag","embeddable":true,"href":"https:\/\/kyojin.com.ar\/en\/wp-json\/wp\/v2\/product_tag?post=5620"}],"curies":[{"name":"wp","href":"https:\/\/api.w.org\/{rel}","templated":true}]}}