{"id":6639,"date":"2025-08-06T14:12:49","date_gmt":"2025-08-06T17:12:49","guid":{"rendered":"https:\/\/kyojin.com.ar\/?page_id=6639"},"modified":"2025-08-06T15:28:11","modified_gmt":"2025-08-06T18:28:11","slug":"nuevo-hallazgo-sobre-las-propiedades-beneficiosas-en-vacunas-del-probiotico-kyojin","status":"publish","type":"page","link":"https:\/\/kyojin.com.ar\/en\/nuevo-hallazgo-sobre-las-propiedades-beneficiosas-en-vacunas-del-probiotico-kyojin\/","title":{"rendered":"Nuevo hallazgo sobre las propiedades beneficiosas en vacunas del probi\u00f3tico kyojin"},"content":{"rendered":"<p>M\u00e1s del 90 % de las vacunas actuales son inyectables (de aplicaci\u00f3n intramuscular, intrad\u00e9rmica o subcut\u00e1nea) y generan inmunidad humoral o sist\u00e9mica (desarrollo de anticuerpos espec\u00edficos del tipo IgG que circulan por la sangre) para prevenir (vacuna profil\u00e1ctica) o disminuir los efectos de la enfermedad (vacuna terap\u00e9utica). Sin embargo, este tipo de inmunidad sist\u00e9mica (IgG) generada por las vacunas inyectables no brinda inmunidad a nivel de las mucosas (mucosa del intestino, mucosa de las v\u00edas respiratorias, mucosa de los \u00f3rganos genitales, etc). Precisamente las mucosas son las \u201cpuertas de entrada\u201d de los pat\u00f3genos y por ello las vacunas mucosales que generan inmunidad a trav\u00e9s de la inducci\u00f3n de la producci\u00f3n de anticuerpos del tipo IgA es el tipo de inmunidad \u201cideal\u201d ya que ataca al pat\u00f3geno (una bacteria, un hongo, un par\u00e1sito o un virus) inmediatamente apenas toma contacto con nuestro cuerpo.<\/p>\n\n\n\n<p>Hoy en d\u00eda uno de los retos de la industria Farma dedicada al <strong>desarrollo de<\/strong> <strong>vacunas<\/strong> mucosales y sist\u00e9micas es encontrar o desarrollar nuevos tipos de ADYUVANTES, mol\u00e9culas que estabilizan y aumentan la potencia de las vacunas, que sean seguros para el ser humano. A este respecto, se public\u00f3 durante el mes de agosto en la revista cient\u00edfica VACCINES (la revista m\u00e1s importante del mundo, dedicada a publicar estudios cient\u00edficos sobre vacunas) un estudio multidisciplinario e internacional donde participaron investigadores de Cuba, B\u00e9lgica, Emiratos \u00c1rabes Unidos (Dubai) y Argentina (Kyojin S.A.) donde se demuestran las propiedades adyuvantes de las esporas del probi\u00f3tico <strong><em>Bacillus subtilis<\/em> DG101 (probi\u00f3tico Kyojin)<\/strong> para generar ambos tipos de inmunidad: sist\u00e9mica y mucosal&nbsp; (mediadas por anticuerpos espec\u00edficos del tipo IgG e IgA, respectivamente) en modelo animal para la prevenci\u00f3n y tratamiento (efecto profil\u00e1ctico y efecto terap\u00e9utico, respectivamente) del COVID-19.<\/p>\n\n\n\n<p>Las esporas de <strong><em>Bacillus subtilis<\/em> DG101<\/strong> de Kyojin co-administradas con la vacuna contra el COVID-19 no solo gener\u00f3 inmunidad humoral (tipo IgG) sino que tambi\u00e9n gener\u00f3 inmunidad mucosal (tipo IgA) y memoria inmunol\u00f3gica. Este tipo de inmunidad mucosal y de memoria son las \u201cm\u00e1s importantes\u201d para prevenir re-infecciones, algo deseable pero que las vacunas inyectables actuales no s\u00f3lo no producen, sino que se encuentran en condiciones de \u201cinferioridad\u201d ante el surgimiento de nuevas variantes pat\u00f3genas m\u00e1s \u201cinsensibles\u201d a las vacunas actuales (por ejemplo, la actual cepa Frankestein de SARS-Cov-2).<\/p>\n\n\n\n<p><strong>Related Papers:<\/strong><\/p>\n\n\n\n<p>Ramos Pupo R, Reyes D\u00edaz L, \u2026Grau R, Hellings N, Stinissen P, P\u00e9rez O, and Bogie J (2025). Mucosal vaccination against SARS-Cov-2 using human probiotic <em>Bacillus subtilis<\/em> spores as an adjuvant induces potent systemis and mucosal immunity. Vaccines 2025, 13 (772), doi: 10.3390\/vaccines13070772.<\/p>\n\n\n\n<div style=\"height:50px\" aria-hidden=\"true\" class=\"wp-block-spacer\"><\/div>\n\n\n\n<div class=\"wp-block-buttons is-layout-flex wp-block-buttons-is-layout-flex\">\n<div class=\"wp-block-button\"><a class=\"wp-block-button__link wp-element-button\" href=\"https:\/\/kyojin.com.ar\/en\/investigaciones\/#seccion-siguiente\">Back<\/a><\/div>\n<\/div>\n\n\n\n<p><\/p>","protected":false},"excerpt":{"rendered":"<p>M\u00e1s del 90 % de las vacunas actuales son inyectables (de aplicaci\u00f3n intramuscular, intrad\u00e9rmica o subcut\u00e1nea) y generan inmunidad humoral [&hellip;]<\/p>","protected":false},"author":2,"featured_media":0,"parent":0,"menu_order":0,"comment_status":"closed","ping_status":"closed","template":"","meta":{"inline_featured_image":false,"site-sidebar-layout":"default","site-content-layout":"","ast-site-content-layout":"default","site-content-style":"default","site-sidebar-style":"default","ast-global-header-display":"","ast-banner-title-visibility":"","ast-main-header-display":"","ast-hfb-above-header-display":"","ast-hfb-below-header-display":"","ast-hfb-mobile-header-display":"","site-post-title":"","ast-breadcrumbs-content":"","ast-featured-img":"","footer-sml-layout":"","theme-transparent-header-meta":"","adv-header-id-meta":"","stick-header-meta":"","header-above-stick-meta":"","header-main-stick-meta":"","header-below-stick-meta":"","astra-migrate-meta-layouts":"default","ast-page-background-enabled":"default","ast-page-background-meta":{"desktop":{"background-color":"var(--ast-global-color-5)","background-image":"","background-repeat":"repeat","background-position":"center center","background-size":"auto","background-attachment":"scroll","background-type":"","background-media":"","overlay-type":"","overlay-color":"","overlay-opacity":"","overlay-gradient":""},"tablet":{"background-color":"","background-image":"","background-repeat":"repeat","background-position":"center center","background-size":"auto","background-attachment":"scroll","background-type":"","background-media":"","overlay-type":"","overlay-color":"","overlay-opacity":"","overlay-gradient":""},"mobile":{"background-color":"","background-image":"","background-repeat":"repeat","background-position":"center center","background-size":"auto","background-attachment":"scroll","background-type":"","background-media":"","overlay-type":"","overlay-color":"","overlay-opacity":"","overlay-gradient":""}},"ast-content-background-meta":{"desktop":{"background-color":"var(--ast-global-color-4)","background-image":"","background-repeat":"repeat","background-position":"center center","background-size":"auto","background-attachment":"scroll","background-type":"","background-media":"","overlay-type":"","overlay-color":"","overlay-opacity":"","overlay-gradient":""},"tablet":{"background-color":"var(--ast-global-color-4)","background-image":"","background-repeat":"repeat","background-position":"center center","background-size":"auto","background-attachment":"scroll","background-type":"","background-media":"","overlay-type":"","overlay-color":"","overlay-opacity":"","overlay-gradient":""},"mobile":{"background-color":"var(--ast-global-color-4)","background-image":"","background-repeat":"repeat","background-position":"center center","background-size":"auto","background-attachment":"scroll","background-type":"","background-media":"","overlay-type":"","overlay-color":"","overlay-opacity":"","overlay-gradient":""}},"footnotes":""},"class_list":["post-6639","page","type-page","status-publish","hentry"],"yoast_head":"<!-- This site is optimized with the Yoast SEO plugin v25.7 - https:\/\/yoast.com\/wordpress\/plugins\/seo\/ -->\n<title>Nuevo hallazgo sobre las propiedades beneficiosas en vacunas del probi\u00f3tico kyojin - KYOJIN Probi\u00f3ticos<\/title>\n<meta name=\"robots\" content=\"index, follow, max-snippet:-1, max-image-preview:large, max-video-preview:-1\" \/>\n<link rel=\"canonical\" href=\"https:\/\/kyojin.com.ar\/en\/nuevo-hallazgo-sobre-las-propiedades-beneficiosas-en-vacunas-del-probiotico-kyojin\/\" \/>\n<meta property=\"og:locale\" content=\"en_GB\" \/>\n<meta property=\"og:type\" content=\"article\" \/>\n<meta property=\"og:title\" content=\"Nuevo hallazgo sobre las propiedades beneficiosas en vacunas del probi\u00f3tico kyojin - KYOJIN Probi\u00f3ticos\" \/>\n<meta property=\"og:description\" content=\"M\u00e1s del 90 % de las vacunas actuales son inyectables (de aplicaci\u00f3n intramuscular, intrad\u00e9rmica o subcut\u00e1nea) y generan inmunidad humoral [&hellip;]\" \/>\n<meta property=\"og:url\" content=\"https:\/\/kyojin.com.ar\/en\/nuevo-hallazgo-sobre-las-propiedades-beneficiosas-en-vacunas-del-probiotico-kyojin\/\" \/>\n<meta property=\"og:site_name\" content=\"KYOJIN Probi\u00f3ticos\" \/>\n<meta property=\"article:modified_time\" content=\"2025-08-06T18:28:11+00:00\" \/>\n<meta name=\"twitter:card\" content=\"summary_large_image\" \/>\n<meta name=\"twitter:label1\" content=\"Estimated reading time\" \/>\n\t<meta name=\"twitter:data1\" content=\"2 minutes\" \/>\n<script type=\"application\/ld+json\" class=\"yoast-schema-graph\">{\"@context\":\"https:\/\/schema.org\",\"@graph\":[{\"@type\":\"WebPage\",\"@id\":\"https:\/\/kyojin.com.ar\/nuevo-hallazgo-sobre-las-propiedades-beneficiosas-en-vacunas-del-probiotico-kyojin\/\",\"url\":\"https:\/\/kyojin.com.ar\/nuevo-hallazgo-sobre-las-propiedades-beneficiosas-en-vacunas-del-probiotico-kyojin\/\",\"name\":\"Nuevo hallazgo sobre las propiedades beneficiosas en vacunas del probi\u00f3tico kyojin - KYOJIN Probi\u00f3ticos\",\"isPartOf\":{\"@id\":\"https:\/\/kyojin.com.ar\/#website\"},\"datePublished\":\"2025-08-06T17:12:49+00:00\",\"dateModified\":\"2025-08-06T18:28:11+00:00\",\"breadcrumb\":{\"@id\":\"https:\/\/kyojin.com.ar\/nuevo-hallazgo-sobre-las-propiedades-beneficiosas-en-vacunas-del-probiotico-kyojin\/#breadcrumb\"},\"inLanguage\":\"en-GB\",\"potentialAction\":[{\"@type\":\"ReadAction\",\"target\":[\"https:\/\/kyojin.com.ar\/nuevo-hallazgo-sobre-las-propiedades-beneficiosas-en-vacunas-del-probiotico-kyojin\/\"]}]},{\"@type\":\"BreadcrumbList\",\"@id\":\"https:\/\/kyojin.com.ar\/nuevo-hallazgo-sobre-las-propiedades-beneficiosas-en-vacunas-del-probiotico-kyojin\/#breadcrumb\",\"itemListElement\":[{\"@type\":\"ListItem\",\"position\":1,\"name\":\"Portada\",\"item\":\"https:\/\/kyojin.com.ar\/\"},{\"@type\":\"ListItem\",\"position\":2,\"name\":\"Nuevo hallazgo sobre las propiedades beneficiosas en vacunas del probi\u00f3tico kyojin\"}]},{\"@type\":\"WebSite\",\"@id\":\"https:\/\/kyojin.com.ar\/#website\",\"url\":\"https:\/\/kyojin.com.ar\/\",\"name\":\"KYOJIN Probi\u00f3ticos\",\"description\":\"Innovaci\u00f3n cient\u00edfica para una vida m\u00e1s saludable\",\"publisher\":{\"@id\":\"https:\/\/kyojin.com.ar\/#organization\"},\"potentialAction\":[{\"@type\":\"SearchAction\",\"target\":{\"@type\":\"EntryPoint\",\"urlTemplate\":\"https:\/\/kyojin.com.ar\/?s={search_term_string}\"},\"query-input\":{\"@type\":\"PropertyValueSpecification\",\"valueRequired\":true,\"valueName\":\"search_term_string\"}}],\"inLanguage\":\"en-GB\"},{\"@type\":\"Organization\",\"@id\":\"https:\/\/kyojin.com.ar\/#organization\",\"name\":\"KYOJIN Probi\u00f3ticos\",\"url\":\"https:\/\/kyojin.com.ar\/\",\"logo\":{\"@type\":\"ImageObject\",\"inLanguage\":\"en-GB\",\"@id\":\"https:\/\/kyojin.com.ar\/#\/schema\/logo\/image\/\",\"url\":\"https:\/\/kyojin.com.ar\/wp-content\/uploads\/2025\/05\/Kyojin-Logo-2025.svg\",\"contentUrl\":\"https:\/\/kyojin.com.ar\/wp-content\/uploads\/2025\/05\/Kyojin-Logo-2025.svg\",\"width\":1368,\"height\":361,\"caption\":\"KYOJIN Probi\u00f3ticos\"},\"image\":{\"@id\":\"https:\/\/kyojin.com.ar\/#\/schema\/logo\/image\/\"},\"sameAs\":[\"https:\/\/www.instagram.com\/kyojinoficial\/\",\"https:\/\/www.linkedin.com\/company\/kyojinargentina\/posts\/?feedView=all\"]}]}<\/script>\n<!-- \/ Yoast SEO plugin. -->","yoast_head_json":{"title":"Nuevo hallazgo sobre las propiedades beneficiosas en vacunas del probi\u00f3tico kyojin - KYOJIN Probi\u00f3ticos","robots":{"index":"index","follow":"follow","max-snippet":"max-snippet:-1","max-image-preview":"max-image-preview:large","max-video-preview":"max-video-preview:-1"},"canonical":"https:\/\/kyojin.com.ar\/en\/nuevo-hallazgo-sobre-las-propiedades-beneficiosas-en-vacunas-del-probiotico-kyojin\/","og_locale":"en_GB","og_type":"article","og_title":"Nuevo hallazgo sobre las propiedades beneficiosas en vacunas del probi\u00f3tico kyojin - KYOJIN Probi\u00f3ticos","og_description":"M\u00e1s del 90 % de las vacunas actuales son inyectables (de aplicaci\u00f3n intramuscular, intrad\u00e9rmica o subcut\u00e1nea) y generan inmunidad humoral [&hellip;]","og_url":"https:\/\/kyojin.com.ar\/en\/nuevo-hallazgo-sobre-las-propiedades-beneficiosas-en-vacunas-del-probiotico-kyojin\/","og_site_name":"KYOJIN Probi\u00f3ticos","article_modified_time":"2025-08-06T18:28:11+00:00","twitter_card":"summary_large_image","twitter_misc":{"Estimated reading time":"2 minutes"},"schema":{"@context":"https:\/\/schema.org","@graph":[{"@type":"WebPage","@id":"https:\/\/kyojin.com.ar\/nuevo-hallazgo-sobre-las-propiedades-beneficiosas-en-vacunas-del-probiotico-kyojin\/","url":"https:\/\/kyojin.com.ar\/nuevo-hallazgo-sobre-las-propiedades-beneficiosas-en-vacunas-del-probiotico-kyojin\/","name":"Nuevo hallazgo sobre las propiedades beneficiosas en vacunas del probi\u00f3tico kyojin - KYOJIN Probi\u00f3ticos","isPartOf":{"@id":"https:\/\/kyojin.com.ar\/#website"},"datePublished":"2025-08-06T17:12:49+00:00","dateModified":"2025-08-06T18:28:11+00:00","breadcrumb":{"@id":"https:\/\/kyojin.com.ar\/nuevo-hallazgo-sobre-las-propiedades-beneficiosas-en-vacunas-del-probiotico-kyojin\/#breadcrumb"},"inLanguage":"en-GB","potentialAction":[{"@type":"ReadAction","target":["https:\/\/kyojin.com.ar\/nuevo-hallazgo-sobre-las-propiedades-beneficiosas-en-vacunas-del-probiotico-kyojin\/"]}]},{"@type":"BreadcrumbList","@id":"https:\/\/kyojin.com.ar\/nuevo-hallazgo-sobre-las-propiedades-beneficiosas-en-vacunas-del-probiotico-kyojin\/#breadcrumb","itemListElement":[{"@type":"ListItem","position":1,"name":"Portada","item":"https:\/\/kyojin.com.ar\/"},{"@type":"ListItem","position":2,"name":"Nuevo hallazgo sobre las propiedades beneficiosas en vacunas del probi\u00f3tico kyojin"}]},{"@type":"WebSite","@id":"https:\/\/kyojin.com.ar\/#website","url":"https:\/\/kyojin.com.ar\/","name":"KYOJIN Probi\u00f3ticos","description":"Innovaci\u00f3n cient\u00edfica para una vida m\u00e1s saludable","publisher":{"@id":"https:\/\/kyojin.com.ar\/#organization"},"potentialAction":[{"@type":"SearchAction","target":{"@type":"EntryPoint","urlTemplate":"https:\/\/kyojin.com.ar\/?s={search_term_string}"},"query-input":{"@type":"PropertyValueSpecification","valueRequired":true,"valueName":"search_term_string"}}],"inLanguage":"en-GB"},{"@type":"Organization","@id":"https:\/\/kyojin.com.ar\/#organization","name":"KYOJIN Probi\u00f3ticos","url":"https:\/\/kyojin.com.ar\/","logo":{"@type":"ImageObject","inLanguage":"en-GB","@id":"https:\/\/kyojin.com.ar\/#\/schema\/logo\/image\/","url":"https:\/\/kyojin.com.ar\/wp-content\/uploads\/2025\/05\/Kyojin-Logo-2025.svg","contentUrl":"https:\/\/kyojin.com.ar\/wp-content\/uploads\/2025\/05\/Kyojin-Logo-2025.svg","width":1368,"height":361,"caption":"KYOJIN Probi\u00f3ticos"},"image":{"@id":"https:\/\/kyojin.com.ar\/#\/schema\/logo\/image\/"},"sameAs":["https:\/\/www.instagram.com\/kyojinoficial\/","https:\/\/www.linkedin.com\/company\/kyojinargentina\/posts\/?feedView=all"]}]}},"_links":{"self":[{"href":"https:\/\/kyojin.com.ar\/en\/wp-json\/wp\/v2\/pages\/6639","targetHints":{"allow":["GET"]}}],"collection":[{"href":"https:\/\/kyojin.com.ar\/en\/wp-json\/wp\/v2\/pages"}],"about":[{"href":"https:\/\/kyojin.com.ar\/en\/wp-json\/wp\/v2\/types\/page"}],"author":[{"embeddable":true,"href":"https:\/\/kyojin.com.ar\/en\/wp-json\/wp\/v2\/users\/2"}],"replies":[{"embeddable":true,"href":"https:\/\/kyojin.com.ar\/en\/wp-json\/wp\/v2\/comments?post=6639"}],"version-history":[{"count":0,"href":"https:\/\/kyojin.com.ar\/en\/wp-json\/wp\/v2\/pages\/6639\/revisions"}],"wp:attachment":[{"href":"https:\/\/kyojin.com.ar\/en\/wp-json\/wp\/v2\/media?parent=6639"}],"curies":[{"name":"wp","href":"https:\/\/api.w.org\/{rel}","templated":true}]}}