{"id":5960,"date":"2025-06-19T19:12:51","date_gmt":"2025-06-19T22:12:51","guid":{"rendered":"https:\/\/kyojin.com.ar\/?page_id=5960"},"modified":"2025-06-19T19:26:08","modified_gmt":"2025-06-19T22:26:08","slug":"celiaquia-y-microbiota","status":"publish","type":"page","link":"https:\/\/kyojin.com.ar\/en\/celiaquia-y-microbiota\/","title":{"rendered":"Celiac Disease"},"content":{"rendered":"<p class=\"translation-block\">Celiac disease is an autoimmune intestinal disorder that occurs in genetically predisposed individuals when they consume gluten\u2014a protein found in wheat, oats, barley, and rye. The current treatment involves completely eliminating gluten from the diet. Research has shown that the gut microbiota\u2014the community of microorganisms, mainly bacteria, that inhabit our intestines\u2014and particularly probiotics, may play an important role in the prevention and management of the disease.\n\nWhile lactic acid probiotics are beneficial, they are sensitive to digestive conditions and may not reach the intestine in an active form. In contrast, spore-forming probiotics from the Bacillus genus, such as Bacillus subtilis DG101 (Kyojin), are more stable and resilient. Incorporating spore-forming probiotics could be a promising strategy to improve the quality of life for people with celiac disease, beyond a strict gluten-free diet.\n\nThis potential benefit comes from two main factors: first, Bacillus subtilis DG101 helps restore eubiosis (balance) in the gut microbiota, improving digestion and food tolerance; and second, Bacillus subtilis DG101 produces nattokinase, a protease that has been shown (at least in vitro) to degrade gliadin\u2014the main gluten protein responsible for triggering symptoms and discomfort in celiac disease.<\/p>\n\n\n\n<p><strong>Related Papers:<\/strong><\/p>\n\n\n\n<ol class=\"wp-block-list\">\n<li>Chibbar R and Dieleman L (2019). The gut microbiota in celiac disease and probiotics. Nutrients: 11, 2375, doi:10.3390\/nu11102375.<\/li>\n\n\n\n<li>Marasco G et al. (2020). Probiotics, prebiotics and other dietary supplements for gut microbiota modulation in celiac disease patients. Nutrients: 12, 2674, doi: 10.3390\/nu12092674.<\/li>\n\n\n\n<li>Pecora F et al. (2020). Gut microbiota in celiac disease: is there any role for probiotics? Front. Immunol: 11, 957, doi:10.3389\/fommu.2020.00957.<\/li>\n\n\n\n<li>Wei G et al. (2016). Identification of food-grade subtilisins as gluten-degrading enzymes to treat celiac disease. Am J Physiol Gastrointest Liver Physiol: 311, G571-G580, doi:10.1152\/ajpgi.00185.2016.<\/li>\n\n\n\n<li>Weng Y et al. (2017). Nattokinase: an oral antithrombotic agent for the prevention of cardiovascular disease. Int J Mol Sci: 18, 523, doi:10.3390\/ijms18030523.<\/li>\n\n\n\n<li>Ji H et al. (2014). Mechanisms of nattokinase in protection of cerebral ischemia. Eur J Pharmacol 745, 144-151.<\/li>\n\n\n\n<li>Kim JY et al. (2008). Effects of nattokinase on blood pressure: a randomized, controlled trial. Hypertens Res 31, 1583-1588.<\/li>\n\n\n\n<li>Pham P, Han B, and Hoang B. (2020). Nattospes as effective and safe functional supplements in management of stroke. J Med Food, doi: 10.1089\/jmf.2019.0183.<\/li>\n\n\n\n<li>Nagata C et al. (2017). Dietary soy and natto intake and cardiovascular disease mortality in Japanese adults: The Takayama study. Am J Clin Nutr, 105: 426-431, doi: 10.3945\/ajcn.116.137281.<\/li>\n<\/ol>\n\n\n\n<div style=\"height:100px\" aria-hidden=\"true\" class=\"wp-block-spacer\"><\/div>\n\n\n\n<div class=\"wp-block-buttons is-layout-flex wp-block-buttons-is-layout-flex\">\n<div class=\"wp-block-button\"><a class=\"wp-block-button__link wp-element-button\" href=\"https:\/\/kyojin.com.ar\/en\/investigaciones\/#seccion-siguiente\">Back<\/a><\/div>\n<\/div>","protected":false},"excerpt":{"rendered":"<p>La celiaqu\u00eda es una enfermedad autoinmune intestinal que se manifiesta en personas con predisposici\u00f3n gen\u00e9tica al consumir gluten, prote\u00edna presente [&hellip;]<\/p>","protected":false},"author":2,"featured_media":0,"parent":0,"menu_order":0,"comment_status":"closed","ping_status":"closed","template":"","meta":{"inline_featured_image":false,"site-sidebar-layout":"default","site-content-layout":"","ast-site-content-layout":"default","site-content-style":"default","site-sidebar-style":"default","ast-global-header-display":"","ast-banner-title-visibility":"","ast-main-header-display":"","ast-hfb-above-header-display":"","ast-hfb-below-header-display":"","ast-hfb-mobile-header-display":"","site-post-title":"","ast-breadcrumbs-content":"","ast-featured-img":"","footer-sml-layout":"","theme-transparent-header-meta":"","adv-header-id-meta":"","stick-header-meta":"","header-above-stick-meta":"","header-main-stick-meta":"","header-below-stick-meta":"","astra-migrate-meta-layouts":"default","ast-page-background-enabled":"default","ast-page-background-meta":{"desktop":{"background-color":"var(--ast-global-color-5)","background-image":"","background-repeat":"repeat","background-position":"center center","background-size":"auto","background-attachment":"scroll","background-type":"","background-media":"","overlay-type":"","overlay-color":"","overlay-opacity":"","overlay-gradient":""},"tablet":{"background-color":"","background-image":"","background-repeat":"repeat","background-position":"center center","background-size":"auto","background-attachment":"scroll","background-type":"","background-media":"","overlay-type":"","overlay-color":"","overlay-opacity":"","overlay-gradient":""},"mobile":{"background-color":"","background-image":"","background-repeat":"repeat","background-position":"center center","background-size":"auto","background-attachment":"scroll","background-type":"","background-media":"","overlay-type":"","overlay-color":"","overlay-opacity":"","overlay-gradient":""}},"ast-content-background-meta":{"desktop":{"background-color":"var(--ast-global-color-4)","background-image":"","background-repeat":"repeat","background-position":"center center","background-size":"auto","background-attachment":"scroll","background-type":"","background-media":"","overlay-type":"","overlay-color":"","overlay-opacity":"","overlay-gradient":""},"tablet":{"background-color":"var(--ast-global-color-4)","background-image":"","background-repeat":"repeat","background-position":"center center","background-size":"auto","background-attachment":"scroll","background-type":"","background-media":"","overlay-type":"","overlay-color":"","overlay-opacity":"","overlay-gradient":""},"mobile":{"background-color":"var(--ast-global-color-4)","background-image":"","background-repeat":"repeat","background-position":"center center","background-size":"auto","background-attachment":"scroll","background-type":"","background-media":"","overlay-type":"","overlay-color":"","overlay-opacity":"","overlay-gradient":""}},"footnotes":""},"class_list":["post-5960","page","type-page","status-publish","hentry"],"yoast_head":"<!-- This site is optimized with the Yoast SEO plugin v25.7 - https:\/\/yoast.com\/wordpress\/plugins\/seo\/ -->\n<title>Celiaqu\u00eda - KYOJIN Probi\u00f3ticos<\/title>\n<meta name=\"robots\" content=\"index, follow, max-snippet:-1, max-image-preview:large, max-video-preview:-1\" \/>\n<link rel=\"canonical\" href=\"https:\/\/kyojin.com.ar\/en\/celiaquia-y-microbiota\/\" \/>\n<meta property=\"og:locale\" content=\"en_GB\" \/>\n<meta property=\"og:type\" content=\"article\" \/>\n<meta property=\"og:title\" content=\"Celiaqu\u00eda - KYOJIN Probi\u00f3ticos\" \/>\n<meta property=\"og:description\" content=\"La celiaqu\u00eda es una enfermedad autoinmune intestinal que se manifiesta en personas con predisposici\u00f3n gen\u00e9tica al consumir gluten, prote\u00edna presente [&hellip;]\" \/>\n<meta property=\"og:url\" content=\"https:\/\/kyojin.com.ar\/en\/celiaquia-y-microbiota\/\" \/>\n<meta property=\"og:site_name\" content=\"KYOJIN Probi\u00f3ticos\" \/>\n<meta property=\"article:modified_time\" content=\"2025-06-19T22:26:08+00:00\" \/>\n<meta name=\"twitter:card\" content=\"summary_large_image\" \/>\n<meta name=\"twitter:label1\" content=\"Estimated reading time\" \/>\n\t<meta name=\"twitter:data1\" content=\"2 minutes\" \/>\n<script type=\"application\/ld+json\" class=\"yoast-schema-graph\">{\"@context\":\"https:\/\/schema.org\",\"@graph\":[{\"@type\":\"WebPage\",\"@id\":\"https:\/\/kyojin.com.ar\/celiaquia-y-microbiota\/\",\"url\":\"https:\/\/kyojin.com.ar\/celiaquia-y-microbiota\/\",\"name\":\"Celiaqu\u00eda - KYOJIN Probi\u00f3ticos\",\"isPartOf\":{\"@id\":\"https:\/\/kyojin.com.ar\/#website\"},\"datePublished\":\"2025-06-19T22:12:51+00:00\",\"dateModified\":\"2025-06-19T22:26:08+00:00\",\"breadcrumb\":{\"@id\":\"https:\/\/kyojin.com.ar\/celiaquia-y-microbiota\/#breadcrumb\"},\"inLanguage\":\"en-GB\",\"potentialAction\":[{\"@type\":\"ReadAction\",\"target\":[\"https:\/\/kyojin.com.ar\/celiaquia-y-microbiota\/\"]}]},{\"@type\":\"BreadcrumbList\",\"@id\":\"https:\/\/kyojin.com.ar\/celiaquia-y-microbiota\/#breadcrumb\",\"itemListElement\":[{\"@type\":\"ListItem\",\"position\":1,\"name\":\"Portada\",\"item\":\"https:\/\/kyojin.com.ar\/\"},{\"@type\":\"ListItem\",\"position\":2,\"name\":\"Celiaqu\u00eda\"}]},{\"@type\":\"WebSite\",\"@id\":\"https:\/\/kyojin.com.ar\/#website\",\"url\":\"https:\/\/kyojin.com.ar\/\",\"name\":\"KYOJIN Probi\u00f3ticos\",\"description\":\"Innovaci\u00f3n cient\u00edfica para una vida m\u00e1s saludable\",\"publisher\":{\"@id\":\"https:\/\/kyojin.com.ar\/#organization\"},\"potentialAction\":[{\"@type\":\"SearchAction\",\"target\":{\"@type\":\"EntryPoint\",\"urlTemplate\":\"https:\/\/kyojin.com.ar\/?s={search_term_string}\"},\"query-input\":{\"@type\":\"PropertyValueSpecification\",\"valueRequired\":true,\"valueName\":\"search_term_string\"}}],\"inLanguage\":\"en-GB\"},{\"@type\":\"Organization\",\"@id\":\"https:\/\/kyojin.com.ar\/#organization\",\"name\":\"KYOJIN Probi\u00f3ticos\",\"url\":\"https:\/\/kyojin.com.ar\/\",\"logo\":{\"@type\":\"ImageObject\",\"inLanguage\":\"en-GB\",\"@id\":\"https:\/\/kyojin.com.ar\/#\/schema\/logo\/image\/\",\"url\":\"https:\/\/kyojin.com.ar\/wp-content\/uploads\/2025\/05\/Kyojin-Logo-2025.svg\",\"contentUrl\":\"https:\/\/kyojin.com.ar\/wp-content\/uploads\/2025\/05\/Kyojin-Logo-2025.svg\",\"width\":1368,\"height\":361,\"caption\":\"KYOJIN Probi\u00f3ticos\"},\"image\":{\"@id\":\"https:\/\/kyojin.com.ar\/#\/schema\/logo\/image\/\"},\"sameAs\":[\"https:\/\/www.instagram.com\/kyojinoficial\/\",\"https:\/\/www.linkedin.com\/company\/kyojinargentina\/posts\/?feedView=all\"]}]}<\/script>\n<!-- \/ Yoast SEO plugin. -->","yoast_head_json":{"title":"Celiaqu\u00eda - KYOJIN Probi\u00f3ticos","robots":{"index":"index","follow":"follow","max-snippet":"max-snippet:-1","max-image-preview":"max-image-preview:large","max-video-preview":"max-video-preview:-1"},"canonical":"https:\/\/kyojin.com.ar\/en\/celiaquia-y-microbiota\/","og_locale":"en_GB","og_type":"article","og_title":"Celiaqu\u00eda - KYOJIN Probi\u00f3ticos","og_description":"La celiaqu\u00eda es una enfermedad autoinmune intestinal que se manifiesta en personas con predisposici\u00f3n gen\u00e9tica al consumir gluten, prote\u00edna presente [&hellip;]","og_url":"https:\/\/kyojin.com.ar\/en\/celiaquia-y-microbiota\/","og_site_name":"KYOJIN Probi\u00f3ticos","article_modified_time":"2025-06-19T22:26:08+00:00","twitter_card":"summary_large_image","twitter_misc":{"Estimated reading time":"2 minutes"},"schema":{"@context":"https:\/\/schema.org","@graph":[{"@type":"WebPage","@id":"https:\/\/kyojin.com.ar\/celiaquia-y-microbiota\/","url":"https:\/\/kyojin.com.ar\/celiaquia-y-microbiota\/","name":"Celiaqu\u00eda - KYOJIN Probi\u00f3ticos","isPartOf":{"@id":"https:\/\/kyojin.com.ar\/#website"},"datePublished":"2025-06-19T22:12:51+00:00","dateModified":"2025-06-19T22:26:08+00:00","breadcrumb":{"@id":"https:\/\/kyojin.com.ar\/celiaquia-y-microbiota\/#breadcrumb"},"inLanguage":"en-GB","potentialAction":[{"@type":"ReadAction","target":["https:\/\/kyojin.com.ar\/celiaquia-y-microbiota\/"]}]},{"@type":"BreadcrumbList","@id":"https:\/\/kyojin.com.ar\/celiaquia-y-microbiota\/#breadcrumb","itemListElement":[{"@type":"ListItem","position":1,"name":"Portada","item":"https:\/\/kyojin.com.ar\/"},{"@type":"ListItem","position":2,"name":"Celiaqu\u00eda"}]},{"@type":"WebSite","@id":"https:\/\/kyojin.com.ar\/#website","url":"https:\/\/kyojin.com.ar\/","name":"KYOJIN Probi\u00f3ticos","description":"Innovaci\u00f3n cient\u00edfica para una vida m\u00e1s saludable","publisher":{"@id":"https:\/\/kyojin.com.ar\/#organization"},"potentialAction":[{"@type":"SearchAction","target":{"@type":"EntryPoint","urlTemplate":"https:\/\/kyojin.com.ar\/?s={search_term_string}"},"query-input":{"@type":"PropertyValueSpecification","valueRequired":true,"valueName":"search_term_string"}}],"inLanguage":"en-GB"},{"@type":"Organization","@id":"https:\/\/kyojin.com.ar\/#organization","name":"KYOJIN Probi\u00f3ticos","url":"https:\/\/kyojin.com.ar\/","logo":{"@type":"ImageObject","inLanguage":"en-GB","@id":"https:\/\/kyojin.com.ar\/#\/schema\/logo\/image\/","url":"https:\/\/kyojin.com.ar\/wp-content\/uploads\/2025\/05\/Kyojin-Logo-2025.svg","contentUrl":"https:\/\/kyojin.com.ar\/wp-content\/uploads\/2025\/05\/Kyojin-Logo-2025.svg","width":1368,"height":361,"caption":"KYOJIN Probi\u00f3ticos"},"image":{"@id":"https:\/\/kyojin.com.ar\/#\/schema\/logo\/image\/"},"sameAs":["https:\/\/www.instagram.com\/kyojinoficial\/","https:\/\/www.linkedin.com\/company\/kyojinargentina\/posts\/?feedView=all"]}]}},"_links":{"self":[{"href":"https:\/\/kyojin.com.ar\/en\/wp-json\/wp\/v2\/pages\/5960","targetHints":{"allow":["GET"]}}],"collection":[{"href":"https:\/\/kyojin.com.ar\/en\/wp-json\/wp\/v2\/pages"}],"about":[{"href":"https:\/\/kyojin.com.ar\/en\/wp-json\/wp\/v2\/types\/page"}],"author":[{"embeddable":true,"href":"https:\/\/kyojin.com.ar\/en\/wp-json\/wp\/v2\/users\/2"}],"replies":[{"embeddable":true,"href":"https:\/\/kyojin.com.ar\/en\/wp-json\/wp\/v2\/comments?post=5960"}],"version-history":[{"count":0,"href":"https:\/\/kyojin.com.ar\/en\/wp-json\/wp\/v2\/pages\/5960\/revisions"}],"wp:attachment":[{"href":"https:\/\/kyojin.com.ar\/en\/wp-json\/wp\/v2\/media?parent=5960"}],"curies":[{"name":"wp","href":"https:\/\/api.w.org\/{rel}","templated":true}]}}