{"id":5955,"date":"2025-06-19T19:11:29","date_gmt":"2025-06-19T22:11:29","guid":{"rendered":"https:\/\/kyojin.com.ar\/?page_id=5955"},"modified":"2025-06-26T17:58:41","modified_gmt":"2025-06-26T20:58:41","slug":"diabetes-tipo-2","status":"publish","type":"page","link":"https:\/\/kyojin.com.ar\/en\/diabetes-tipo-2\/","title":{"rendered":"Diabetes"},"content":{"rendered":"<p>Type 2 diabetes is one of the most common diseases worldwide and is closely linked to modern lifestyle. But recent research is revealing something surprising: the health of your gut microbiota\u2014the billions of bacteria living in your intestines\u2014can influence your risk of developing this condition.<\/p>\n\n\n\n<p class=\"translation-block\">Multiple studies show that certain probiotics, such as Bacillus subtilis DG101 (the strain used in Kyojin), can have a highly positive effect on people with type 2 diabetes. Similar bacteria to those found in Kyojin\u2019s probiotic (Bacillus subtilis) are also present in traditional fermented foods like Korean chungkookjang and Japanese natto\u2014both known for their health benefits for centuries.<\/p>\n\n\n\n<p>In recent clinical cases involving hundreds of patients in Argentina, individuals with type 2 diabetes who were not responding well to conventional medications showed significant improvements in blood sugar and HbA1c levels after adding Kyojin probiotic to their diet. In one case, a 74-year-old woman with obesity and high glucose levels reduced her values to near-normal. In another, a man with impaired pancreatic function improved his blood sugar and HbA1c levels in just four months.<\/p>\n\n\n\n<p class=\"translation-block\">This suggests that the probiotic Bacillus subtilis DG101 may help the body respond better to insulin, allowing for more natural and effective control of blood glucose levels.<\/p>\n\n\n\n<p>At Kyojin, we believe that nutrition can be a powerful ally for health. Our probiotic is not a cure, but it can be a valuable complement for those managing type 2 diabetes.<\/p>\n\n\n\n<p><strong>Related Papers:<\/strong><\/p>\n\n\n\n<ol class=\"wp-block-list\">\n<li>Tuomi T, Santoro N, Caprio S, Cai M, Weng J, Groop L. The many faces of diabetes: a disease with increasing heterogeneity. Lancet. 2014; 22(383):1084-94.<\/li>\n\n\n\n<li>Olle B. Medicines from microbiota. Nature Biotechnol. 2013; 31(4): 309-315.<\/li>\n\n\n\n<li>Scott K, Antoine J, Midtvedt T, van Hemert S. Manipulating the gut microbiota to maintain health and treat disease. Microb. Ecol. Health Dis. 2015; 26(25877): 10.3402\/mehd.v26.25877.<\/li>\n\n\n\n<li>Panwar H, Rashmi HM, Batish VK, Grover S. Probiotics as potential biotherapeutics in the management of type 2 diabetes\u2014prospects and perspectives. Diabetes Metab. Res. Rev. 2013; 29(2):103\u2013112.<\/li>\n\n\n\n<li>Do Yeon Jeong, Dailly J, Gaeho Lee, y col. Short-term fermented soybeans with Bacillus amyloliquefaciens potentiated insulin secretion capacity and improving gut microbiome diversity and intestinal integrity to alleviate type 2 diabetic symptoms. J. Agric. Food Chem. 2020; doi 10.1021\/acs.jafc.9b07962.<\/li>\n\n\n\n<li>Cardinali N, Bauman C, Rodriguez Ayala F, Grau R. Two cases of type 2 diabetes mellitus successfully treated with probiotics. Clin. Case Rep. 2020; doi 10.1002\/ccr3.3354.<\/li>\n\n\n\n<li>Ayala FR, Cardinali N, Grau R. Efficient Weight Loss and Type II Diabetes Control in Overweight and Obese Patients Consuming the Probiotic Bacillus Subtilis DG101: A Randomized Double-Blind Placebo-Controlled Study. Asp Biomed Clin Case Rep. 2022 Apr 04;5(1):51-58.<\/li>\n\n\n\n<li>Ayala FR, Cardinali N, Grau R. Effectiveness of the probiotic Bacillus subtilis DG101 to treat type 2 diabetes mellitus triggered by SARS-CoV-2 infection. J Clin Images Med Case Rep. 2022; 3(5): 1847.<\/li>\n\n\n\n<li>Tonucci LB,\u00a0Olbrich Dos Santos KM,\u00a0Licursi de Olivera L,\u00a0Rocha Ribeiro SM,\u00a0Duarte Martino HS.\u00a0Clinical application of probiotics in type 2 diabetes mellitus: a randomized, double-blind, placebo-controlled study.\u00a0<em>Clin Nutr<\/em>.\u00a02017;\u00a036(1):\u00a085-92.<\/li>\n<\/ol>\n\n\n\n<div style=\"height:100px\" aria-hidden=\"true\" class=\"wp-block-spacer\"><\/div>\n\n\n\n<div class=\"wp-block-buttons is-layout-flex wp-block-buttons-is-layout-flex\">\n<div class=\"wp-block-button\"><a class=\"wp-block-button__link wp-element-button\" href=\"https:\/\/kyojin.com.ar\/en\/investigaciones\/#seccion-siguiente\">Back<\/a><\/div>\n<\/div>","protected":false},"excerpt":{"rendered":"<p>La diabetes tipo 2 es una de las enfermedades m\u00e1s comunes del mundo y est\u00e1 muy relacionada con el estilo [&hellip;]<\/p>","protected":false},"author":2,"featured_media":0,"parent":0,"menu_order":0,"comment_status":"closed","ping_status":"closed","template":"","meta":{"inline_featured_image":false,"site-sidebar-layout":"default","site-content-layout":"","ast-site-content-layout":"default","site-content-style":"default","site-sidebar-style":"default","ast-global-header-display":"","ast-banner-title-visibility":"","ast-main-header-display":"","ast-hfb-above-header-display":"","ast-hfb-below-header-display":"","ast-hfb-mobile-header-display":"","site-post-title":"","ast-breadcrumbs-content":"","ast-featured-img":"","footer-sml-layout":"","theme-transparent-header-meta":"","adv-header-id-meta":"","stick-header-meta":"","header-above-stick-meta":"","header-main-stick-meta":"","header-below-stick-meta":"","astra-migrate-meta-layouts":"default","ast-page-background-enabled":"default","ast-page-background-meta":{"desktop":{"background-color":"var(--ast-global-color-5)","background-image":"","background-repeat":"repeat","background-position":"center center","background-size":"auto","background-attachment":"scroll","background-type":"","background-media":"","overlay-type":"","overlay-color":"","overlay-opacity":"","overlay-gradient":""},"tablet":{"background-color":"","background-image":"","background-repeat":"repeat","background-position":"center center","background-size":"auto","background-attachment":"scroll","background-type":"","background-media":"","overlay-type":"","overlay-color":"","overlay-opacity":"","overlay-gradient":""},"mobile":{"background-color":"","background-image":"","background-repeat":"repeat","background-position":"center center","background-size":"auto","background-attachment":"scroll","background-type":"","background-media":"","overlay-type":"","overlay-color":"","overlay-opacity":"","overlay-gradient":""}},"ast-content-background-meta":{"desktop":{"background-color":"var(--ast-global-color-4)","background-image":"","background-repeat":"repeat","background-position":"center center","background-size":"auto","background-attachment":"scroll","background-type":"","background-media":"","overlay-type":"","overlay-color":"","overlay-opacity":"","overlay-gradient":""},"tablet":{"background-color":"var(--ast-global-color-4)","background-image":"","background-repeat":"repeat","background-position":"center center","background-size":"auto","background-attachment":"scroll","background-type":"","background-media":"","overlay-type":"","overlay-color":"","overlay-opacity":"","overlay-gradient":""},"mobile":{"background-color":"var(--ast-global-color-4)","background-image":"","background-repeat":"repeat","background-position":"center center","background-size":"auto","background-attachment":"scroll","background-type":"","background-media":"","overlay-type":"","overlay-color":"","overlay-opacity":"","overlay-gradient":""}},"footnotes":""},"class_list":["post-5955","page","type-page","status-publish","hentry"],"yoast_head":"<!-- This site is optimized with the Yoast SEO plugin v25.7 - https:\/\/yoast.com\/wordpress\/plugins\/seo\/ -->\n<title>Diabetes - KYOJIN Probi\u00f3ticos<\/title>\n<meta name=\"robots\" content=\"index, follow, max-snippet:-1, max-image-preview:large, max-video-preview:-1\" \/>\n<link rel=\"canonical\" href=\"https:\/\/kyojin.com.ar\/en\/diabetes-tipo-2\/\" \/>\n<meta property=\"og:locale\" content=\"en_GB\" \/>\n<meta property=\"og:type\" content=\"article\" \/>\n<meta property=\"og:title\" content=\"Diabetes - KYOJIN Probi\u00f3ticos\" \/>\n<meta property=\"og:description\" content=\"La diabetes tipo 2 es una de las enfermedades m\u00e1s comunes del mundo y est\u00e1 muy relacionada con el estilo [&hellip;]\" \/>\n<meta property=\"og:url\" content=\"https:\/\/kyojin.com.ar\/en\/diabetes-tipo-2\/\" \/>\n<meta property=\"og:site_name\" content=\"KYOJIN Probi\u00f3ticos\" \/>\n<meta property=\"article:modified_time\" content=\"2025-06-26T20:58:41+00:00\" \/>\n<meta name=\"twitter:card\" content=\"summary_large_image\" \/>\n<meta name=\"twitter:label1\" content=\"Estimated reading time\" \/>\n\t<meta name=\"twitter:data1\" content=\"3 minutes\" \/>\n<script type=\"application\/ld+json\" class=\"yoast-schema-graph\">{\"@context\":\"https:\/\/schema.org\",\"@graph\":[{\"@type\":\"WebPage\",\"@id\":\"https:\/\/kyojin.com.ar\/diabetes-tipo-2\/\",\"url\":\"https:\/\/kyojin.com.ar\/diabetes-tipo-2\/\",\"name\":\"Diabetes - KYOJIN Probi\u00f3ticos\",\"isPartOf\":{\"@id\":\"https:\/\/kyojin.com.ar\/#website\"},\"datePublished\":\"2025-06-19T22:11:29+00:00\",\"dateModified\":\"2025-06-26T20:58:41+00:00\",\"breadcrumb\":{\"@id\":\"https:\/\/kyojin.com.ar\/diabetes-tipo-2\/#breadcrumb\"},\"inLanguage\":\"en-GB\",\"potentialAction\":[{\"@type\":\"ReadAction\",\"target\":[\"https:\/\/kyojin.com.ar\/diabetes-tipo-2\/\"]}]},{\"@type\":\"BreadcrumbList\",\"@id\":\"https:\/\/kyojin.com.ar\/diabetes-tipo-2\/#breadcrumb\",\"itemListElement\":[{\"@type\":\"ListItem\",\"position\":1,\"name\":\"Portada\",\"item\":\"https:\/\/kyojin.com.ar\/\"},{\"@type\":\"ListItem\",\"position\":2,\"name\":\"Diabetes\"}]},{\"@type\":\"WebSite\",\"@id\":\"https:\/\/kyojin.com.ar\/#website\",\"url\":\"https:\/\/kyojin.com.ar\/\",\"name\":\"KYOJIN Probi\u00f3ticos\",\"description\":\"Innovaci\u00f3n cient\u00edfica para una vida m\u00e1s saludable\",\"publisher\":{\"@id\":\"https:\/\/kyojin.com.ar\/#organization\"},\"potentialAction\":[{\"@type\":\"SearchAction\",\"target\":{\"@type\":\"EntryPoint\",\"urlTemplate\":\"https:\/\/kyojin.com.ar\/?s={search_term_string}\"},\"query-input\":{\"@type\":\"PropertyValueSpecification\",\"valueRequired\":true,\"valueName\":\"search_term_string\"}}],\"inLanguage\":\"en-GB\"},{\"@type\":\"Organization\",\"@id\":\"https:\/\/kyojin.com.ar\/#organization\",\"name\":\"KYOJIN Probi\u00f3ticos\",\"url\":\"https:\/\/kyojin.com.ar\/\",\"logo\":{\"@type\":\"ImageObject\",\"inLanguage\":\"en-GB\",\"@id\":\"https:\/\/kyojin.com.ar\/#\/schema\/logo\/image\/\",\"url\":\"https:\/\/kyojin.com.ar\/wp-content\/uploads\/2025\/05\/Kyojin-Logo-2025.svg\",\"contentUrl\":\"https:\/\/kyojin.com.ar\/wp-content\/uploads\/2025\/05\/Kyojin-Logo-2025.svg\",\"width\":1368,\"height\":361,\"caption\":\"KYOJIN Probi\u00f3ticos\"},\"image\":{\"@id\":\"https:\/\/kyojin.com.ar\/#\/schema\/logo\/image\/\"},\"sameAs\":[\"https:\/\/www.instagram.com\/kyojinoficial\/\",\"https:\/\/www.linkedin.com\/company\/kyojinargentina\/posts\/?feedView=all\"]}]}<\/script>\n<!-- \/ Yoast SEO plugin. -->","yoast_head_json":{"title":"Diabetes - KYOJIN Probi\u00f3ticos","robots":{"index":"index","follow":"follow","max-snippet":"max-snippet:-1","max-image-preview":"max-image-preview:large","max-video-preview":"max-video-preview:-1"},"canonical":"https:\/\/kyojin.com.ar\/en\/diabetes-tipo-2\/","og_locale":"en_GB","og_type":"article","og_title":"Diabetes - KYOJIN Probi\u00f3ticos","og_description":"La diabetes tipo 2 es una de las enfermedades m\u00e1s comunes del mundo y est\u00e1 muy relacionada con el estilo [&hellip;]","og_url":"https:\/\/kyojin.com.ar\/en\/diabetes-tipo-2\/","og_site_name":"KYOJIN Probi\u00f3ticos","article_modified_time":"2025-06-26T20:58:41+00:00","twitter_card":"summary_large_image","twitter_misc":{"Estimated reading time":"3 minutes"},"schema":{"@context":"https:\/\/schema.org","@graph":[{"@type":"WebPage","@id":"https:\/\/kyojin.com.ar\/diabetes-tipo-2\/","url":"https:\/\/kyojin.com.ar\/diabetes-tipo-2\/","name":"Diabetes - KYOJIN Probi\u00f3ticos","isPartOf":{"@id":"https:\/\/kyojin.com.ar\/#website"},"datePublished":"2025-06-19T22:11:29+00:00","dateModified":"2025-06-26T20:58:41+00:00","breadcrumb":{"@id":"https:\/\/kyojin.com.ar\/diabetes-tipo-2\/#breadcrumb"},"inLanguage":"en-GB","potentialAction":[{"@type":"ReadAction","target":["https:\/\/kyojin.com.ar\/diabetes-tipo-2\/"]}]},{"@type":"BreadcrumbList","@id":"https:\/\/kyojin.com.ar\/diabetes-tipo-2\/#breadcrumb","itemListElement":[{"@type":"ListItem","position":1,"name":"Portada","item":"https:\/\/kyojin.com.ar\/"},{"@type":"ListItem","position":2,"name":"Diabetes"}]},{"@type":"WebSite","@id":"https:\/\/kyojin.com.ar\/#website","url":"https:\/\/kyojin.com.ar\/","name":"KYOJIN Probi\u00f3ticos","description":"Innovaci\u00f3n cient\u00edfica para una vida m\u00e1s saludable","publisher":{"@id":"https:\/\/kyojin.com.ar\/#organization"},"potentialAction":[{"@type":"SearchAction","target":{"@type":"EntryPoint","urlTemplate":"https:\/\/kyojin.com.ar\/?s={search_term_string}"},"query-input":{"@type":"PropertyValueSpecification","valueRequired":true,"valueName":"search_term_string"}}],"inLanguage":"en-GB"},{"@type":"Organization","@id":"https:\/\/kyojin.com.ar\/#organization","name":"KYOJIN Probi\u00f3ticos","url":"https:\/\/kyojin.com.ar\/","logo":{"@type":"ImageObject","inLanguage":"en-GB","@id":"https:\/\/kyojin.com.ar\/#\/schema\/logo\/image\/","url":"https:\/\/kyojin.com.ar\/wp-content\/uploads\/2025\/05\/Kyojin-Logo-2025.svg","contentUrl":"https:\/\/kyojin.com.ar\/wp-content\/uploads\/2025\/05\/Kyojin-Logo-2025.svg","width":1368,"height":361,"caption":"KYOJIN Probi\u00f3ticos"},"image":{"@id":"https:\/\/kyojin.com.ar\/#\/schema\/logo\/image\/"},"sameAs":["https:\/\/www.instagram.com\/kyojinoficial\/","https:\/\/www.linkedin.com\/company\/kyojinargentina\/posts\/?feedView=all"]}]}},"_links":{"self":[{"href":"https:\/\/kyojin.com.ar\/en\/wp-json\/wp\/v2\/pages\/5955","targetHints":{"allow":["GET"]}}],"collection":[{"href":"https:\/\/kyojin.com.ar\/en\/wp-json\/wp\/v2\/pages"}],"about":[{"href":"https:\/\/kyojin.com.ar\/en\/wp-json\/wp\/v2\/types\/page"}],"author":[{"embeddable":true,"href":"https:\/\/kyojin.com.ar\/en\/wp-json\/wp\/v2\/users\/2"}],"replies":[{"embeddable":true,"href":"https:\/\/kyojin.com.ar\/en\/wp-json\/wp\/v2\/comments?post=5955"}],"version-history":[{"count":0,"href":"https:\/\/kyojin.com.ar\/en\/wp-json\/wp\/v2\/pages\/5955\/revisions"}],"wp:attachment":[{"href":"https:\/\/kyojin.com.ar\/en\/wp-json\/wp\/v2\/media?parent=5955"}],"curies":[{"name":"wp","href":"https:\/\/api.w.org\/{rel}","templated":true}]}}