{"id":5949,"date":"2025-06-19T19:10:09","date_gmt":"2025-06-19T22:10:09","guid":{"rendered":"https:\/\/kyojin.com.ar\/?page_id=5949"},"modified":"2025-06-26T19:14:07","modified_gmt":"2025-06-26T22:14:07","slug":"infecciones","status":"publish","type":"page","link":"https:\/\/kyojin.com.ar\/en\/infecciones\/","title":{"rendered":"Bacterial Infections"},"content":{"rendered":"<p class=\"translation-block\">Certain types of bacteria and yeasts that live on our skin, in our intestines, or in mucous membranes such as the vaginal tract can increase the risk of health issues like allergies, inflammation, colitis, constipation, ulcers, SIBO, candidiasis, and more. On the other hand, other bacteria\u2014such as Lactobacillus, Bifidobacterium, Prevotella, and Bacillus\u2014are associated with better bodily balance (eubiosis) and greater overall well-being.<\/p>\n\n\n\n<p>These \u201cgood\u201d bacteria act as probiotics, helping prevent diseases caused by harmful microorganisms (pathogens).<\/p>\n\n\n\n<p class=\"translation-block\">Various studies in Argentina and around the world have shown that Bacillus subtilis, the main component of the Kyojin probiotic, has strong potential to prevent and combat infectious diseases.<\/p>\n\n\n\n<p class=\"translation-block\">A joint study by scientists from CONICET (Argentina) and CFTRI (India) showed that B. subtilis DG101 (the probiotic strain in Kyojin), when combined with another lactic acid probiotic bacterium (Leuconostoc mesenteroides), was able to inhibit the growth of Vibrio cholerae, the bacterium responsible for cholera. This combination, applied to a traditional Indian fermented food (Malted Ragi), also enhanced its nutritional value by increasing beneficial minerals like iron and zinc, as well as healthy fatty acids.\nAdditionally, Bacillus subtilis DG101 (Kyojin) demonstrated effectiveness against intestinal, urinary, and vaginal candidiasis in a scientific study conducted in collaboration with researchers from the European Union (Metrofood-Eurecat-Barcelona).<\/p>\n\n\n\n<p class=\"translation-block\">In addition, other studies have shown that B. subtilis can prevent harmful bacteria such as Staphylococcus aureus, Listeria monocytogenes, and Enterococcus faecalis from adhering to body tissues\u2014a key step in the onset of many infections. This mechanism, known as \u201ccompetitive exclusion,\u201d helps prevent disease at its source.<\/p>\n\n\n\n<p>Incluso si la infecci\u00f3n ya comenz\u00f3, <em>B. subtilis<\/em> puede ayudar a combatirla. Investigaciones del Instituto Nacional de Salud de EE. UU. y de Asia demostraron que esta bacteria produce sustancias naturales con efectos antimicrobianos que interfieren con la comunicaci\u00f3n entre bacterias da\u00f1inas, debilitando su capacidad de causar enfermedad.<\/p>\n\n\n\n<p class=\"translation-block\">In summary, incorporating Bacillus subtilis into your daily diet\u2014such as through the probiotic Kyojin\u2014not only strengthens the digestive system but also actively helps protect the entire body from infections. It acts as a functional food with benefits that go beyond basic nutrition.<\/p>\n\n\n\n<p><strong>Related Papers:<\/strong><\/p>\n\n\n\n<ol class=\"wp-block-list\">\n<li>Mishra y col (2021). Microbial exposure during early human development primes fetal immune cells. Cell 184, 1-16. Doi: 10.1016\/J.cell.2021.04.039.<\/li>\n\n\n\n<li>VidyaLaxme B, Rovetto A, Grau R, and Agrawal R (2014). Synergistic effects of probiotic Leuconostoc mesenteroides and Bacillus subtilis in malted ragi (Eleucine corocana) food for antagonistic activity against Vibrio cholerae and other beneficial properties. J. Food Sci. Tech. 51 (11): 3072-82. doi: 10.1007\/s13197- 012-0834-5.<\/li>\n\n\n\n<li>Rodriguez Ayala F, Bauman C, Bartolini M, Sabal E, Salvarrey M, Strauch M, and Grau R (2017). Transcriptional regulation of adhesive properties of Bacillus subtilis to extracellular matrix proteins through the fibronectin \u2013binding protein YloA. Mol. Microbiol. 104 (51): 804 \u2013 821. Doi: 10.1111\/mmi.13666.<\/li>\n\n\n\n<li>Piewngam P, Zheng Y, Nguyen T, y col (2018). Pathogen elimination by probiotic Bacillus via signalling interference. Nature doi: 10.1038\/s41586-018-0616-y.<\/li>\n<\/ol>\n\n\n\n<div style=\"height:100px\" aria-hidden=\"true\" class=\"wp-block-spacer\"><\/div>\n\n\n\n<div class=\"wp-block-buttons is-layout-flex wp-block-buttons-is-layout-flex\">\n<div class=\"wp-block-button\"><a class=\"wp-block-button__link wp-element-button\" href=\"https:\/\/kyojin.com.ar\/en\/investigaciones\/#seccion-siguiente\">Back<\/a><\/div>\n<\/div>","protected":false},"excerpt":{"rendered":"<p>Algunos tipos de bacterias y levaduras que viven en nuestra piel, intestinos o mucosidades como la vaginal, pueden aumentar el [&hellip;]<\/p>","protected":false},"author":2,"featured_media":0,"parent":0,"menu_order":0,"comment_status":"closed","ping_status":"closed","template":"","meta":{"inline_featured_image":false,"site-sidebar-layout":"default","site-content-layout":"","ast-site-content-layout":"default","site-content-style":"default","site-sidebar-style":"default","ast-global-header-display":"","ast-banner-title-visibility":"","ast-main-header-display":"","ast-hfb-above-header-display":"","ast-hfb-below-header-display":"","ast-hfb-mobile-header-display":"","site-post-title":"","ast-breadcrumbs-content":"","ast-featured-img":"","footer-sml-layout":"","theme-transparent-header-meta":"","adv-header-id-meta":"","stick-header-meta":"","header-above-stick-meta":"","header-main-stick-meta":"","header-below-stick-meta":"","astra-migrate-meta-layouts":"default","ast-page-background-enabled":"default","ast-page-background-meta":{"desktop":{"background-color":"var(--ast-global-color-5)","background-image":"","background-repeat":"repeat","background-position":"center center","background-size":"auto","background-attachment":"scroll","background-type":"","background-media":"","overlay-type":"","overlay-color":"","overlay-opacity":"","overlay-gradient":""},"tablet":{"background-color":"","background-image":"","background-repeat":"repeat","background-position":"center center","background-size":"auto","background-attachment":"scroll","background-type":"","background-media":"","overlay-type":"","overlay-color":"","overlay-opacity":"","overlay-gradient":""},"mobile":{"background-color":"","background-image":"","background-repeat":"repeat","background-position":"center center","background-size":"auto","background-attachment":"scroll","background-type":"","background-media":"","overlay-type":"","overlay-color":"","overlay-opacity":"","overlay-gradient":""}},"ast-content-background-meta":{"desktop":{"background-color":"var(--ast-global-color-4)","background-image":"","background-repeat":"repeat","background-position":"center center","background-size":"auto","background-attachment":"scroll","background-type":"","background-media":"","overlay-type":"","overlay-color":"","overlay-opacity":"","overlay-gradient":""},"tablet":{"background-color":"var(--ast-global-color-4)","background-image":"","background-repeat":"repeat","background-position":"center center","background-size":"auto","background-attachment":"scroll","background-type":"","background-media":"","overlay-type":"","overlay-color":"","overlay-opacity":"","overlay-gradient":""},"mobile":{"background-color":"var(--ast-global-color-4)","background-image":"","background-repeat":"repeat","background-position":"center center","background-size":"auto","background-attachment":"scroll","background-type":"","background-media":"","overlay-type":"","overlay-color":"","overlay-opacity":"","overlay-gradient":""}},"footnotes":""},"class_list":["post-5949","page","type-page","status-publish","hentry"],"yoast_head":"<!-- This site is optimized with the Yoast SEO plugin v25.7 - https:\/\/yoast.com\/wordpress\/plugins\/seo\/ -->\n<title>Infecciones bacterianas - KYOJIN Probi\u00f3ticos<\/title>\n<meta name=\"robots\" content=\"index, follow, max-snippet:-1, max-image-preview:large, max-video-preview:-1\" \/>\n<link rel=\"canonical\" href=\"https:\/\/kyojin.com.ar\/en\/infecciones\/\" \/>\n<meta property=\"og:locale\" content=\"en_GB\" \/>\n<meta property=\"og:type\" content=\"article\" \/>\n<meta property=\"og:title\" content=\"Infecciones bacterianas - KYOJIN Probi\u00f3ticos\" \/>\n<meta property=\"og:description\" content=\"Algunos tipos de bacterias y levaduras que viven en nuestra piel, intestinos o mucosidades como la vaginal, pueden aumentar el [&hellip;]\" \/>\n<meta property=\"og:url\" content=\"https:\/\/kyojin.com.ar\/en\/infecciones\/\" \/>\n<meta property=\"og:site_name\" content=\"KYOJIN Probi\u00f3ticos\" \/>\n<meta property=\"article:modified_time\" content=\"2025-06-26T22:14:07+00:00\" \/>\n<meta name=\"twitter:card\" content=\"summary_large_image\" \/>\n<meta name=\"twitter:label1\" content=\"Estimated reading time\" \/>\n\t<meta name=\"twitter:data1\" content=\"2 minutes\" \/>\n<script type=\"application\/ld+json\" class=\"yoast-schema-graph\">{\"@context\":\"https:\/\/schema.org\",\"@graph\":[{\"@type\":\"WebPage\",\"@id\":\"https:\/\/kyojin.com.ar\/infecciones\/\",\"url\":\"https:\/\/kyojin.com.ar\/infecciones\/\",\"name\":\"Infecciones bacterianas - KYOJIN Probi\u00f3ticos\",\"isPartOf\":{\"@id\":\"https:\/\/kyojin.com.ar\/#website\"},\"datePublished\":\"2025-06-19T22:10:09+00:00\",\"dateModified\":\"2025-06-26T22:14:07+00:00\",\"breadcrumb\":{\"@id\":\"https:\/\/kyojin.com.ar\/infecciones\/#breadcrumb\"},\"inLanguage\":\"en-GB\",\"potentialAction\":[{\"@type\":\"ReadAction\",\"target\":[\"https:\/\/kyojin.com.ar\/infecciones\/\"]}]},{\"@type\":\"BreadcrumbList\",\"@id\":\"https:\/\/kyojin.com.ar\/infecciones\/#breadcrumb\",\"itemListElement\":[{\"@type\":\"ListItem\",\"position\":1,\"name\":\"Portada\",\"item\":\"https:\/\/kyojin.com.ar\/\"},{\"@type\":\"ListItem\",\"position\":2,\"name\":\"Infecciones bacterianas\"}]},{\"@type\":\"WebSite\",\"@id\":\"https:\/\/kyojin.com.ar\/#website\",\"url\":\"https:\/\/kyojin.com.ar\/\",\"name\":\"KYOJIN Probi\u00f3ticos\",\"description\":\"Innovaci\u00f3n cient\u00edfica para una vida m\u00e1s saludable\",\"publisher\":{\"@id\":\"https:\/\/kyojin.com.ar\/#organization\"},\"potentialAction\":[{\"@type\":\"SearchAction\",\"target\":{\"@type\":\"EntryPoint\",\"urlTemplate\":\"https:\/\/kyojin.com.ar\/?s={search_term_string}\"},\"query-input\":{\"@type\":\"PropertyValueSpecification\",\"valueRequired\":true,\"valueName\":\"search_term_string\"}}],\"inLanguage\":\"en-GB\"},{\"@type\":\"Organization\",\"@id\":\"https:\/\/kyojin.com.ar\/#organization\",\"name\":\"KYOJIN Probi\u00f3ticos\",\"url\":\"https:\/\/kyojin.com.ar\/\",\"logo\":{\"@type\":\"ImageObject\",\"inLanguage\":\"en-GB\",\"@id\":\"https:\/\/kyojin.com.ar\/#\/schema\/logo\/image\/\",\"url\":\"https:\/\/kyojin.com.ar\/wp-content\/uploads\/2025\/05\/Kyojin-Logo-2025.svg\",\"contentUrl\":\"https:\/\/kyojin.com.ar\/wp-content\/uploads\/2025\/05\/Kyojin-Logo-2025.svg\",\"width\":1368,\"height\":361,\"caption\":\"KYOJIN Probi\u00f3ticos\"},\"image\":{\"@id\":\"https:\/\/kyojin.com.ar\/#\/schema\/logo\/image\/\"},\"sameAs\":[\"https:\/\/www.instagram.com\/kyojinoficial\/\",\"https:\/\/www.linkedin.com\/company\/kyojinargentina\/posts\/?feedView=all\"]}]}<\/script>\n<!-- \/ Yoast SEO plugin. -->","yoast_head_json":{"title":"Infecciones bacterianas - KYOJIN Probi\u00f3ticos","robots":{"index":"index","follow":"follow","max-snippet":"max-snippet:-1","max-image-preview":"max-image-preview:large","max-video-preview":"max-video-preview:-1"},"canonical":"https:\/\/kyojin.com.ar\/en\/infecciones\/","og_locale":"en_GB","og_type":"article","og_title":"Infecciones bacterianas - KYOJIN Probi\u00f3ticos","og_description":"Algunos tipos de bacterias y levaduras que viven en nuestra piel, intestinos o mucosidades como la vaginal, pueden aumentar el [&hellip;]","og_url":"https:\/\/kyojin.com.ar\/en\/infecciones\/","og_site_name":"KYOJIN Probi\u00f3ticos","article_modified_time":"2025-06-26T22:14:07+00:00","twitter_card":"summary_large_image","twitter_misc":{"Estimated reading time":"2 minutes"},"schema":{"@context":"https:\/\/schema.org","@graph":[{"@type":"WebPage","@id":"https:\/\/kyojin.com.ar\/infecciones\/","url":"https:\/\/kyojin.com.ar\/infecciones\/","name":"Infecciones bacterianas - KYOJIN Probi\u00f3ticos","isPartOf":{"@id":"https:\/\/kyojin.com.ar\/#website"},"datePublished":"2025-06-19T22:10:09+00:00","dateModified":"2025-06-26T22:14:07+00:00","breadcrumb":{"@id":"https:\/\/kyojin.com.ar\/infecciones\/#breadcrumb"},"inLanguage":"en-GB","potentialAction":[{"@type":"ReadAction","target":["https:\/\/kyojin.com.ar\/infecciones\/"]}]},{"@type":"BreadcrumbList","@id":"https:\/\/kyojin.com.ar\/infecciones\/#breadcrumb","itemListElement":[{"@type":"ListItem","position":1,"name":"Portada","item":"https:\/\/kyojin.com.ar\/"},{"@type":"ListItem","position":2,"name":"Infecciones bacterianas"}]},{"@type":"WebSite","@id":"https:\/\/kyojin.com.ar\/#website","url":"https:\/\/kyojin.com.ar\/","name":"KYOJIN Probi\u00f3ticos","description":"Innovaci\u00f3n cient\u00edfica para una vida m\u00e1s saludable","publisher":{"@id":"https:\/\/kyojin.com.ar\/#organization"},"potentialAction":[{"@type":"SearchAction","target":{"@type":"EntryPoint","urlTemplate":"https:\/\/kyojin.com.ar\/?s={search_term_string}"},"query-input":{"@type":"PropertyValueSpecification","valueRequired":true,"valueName":"search_term_string"}}],"inLanguage":"en-GB"},{"@type":"Organization","@id":"https:\/\/kyojin.com.ar\/#organization","name":"KYOJIN Probi\u00f3ticos","url":"https:\/\/kyojin.com.ar\/","logo":{"@type":"ImageObject","inLanguage":"en-GB","@id":"https:\/\/kyojin.com.ar\/#\/schema\/logo\/image\/","url":"https:\/\/kyojin.com.ar\/wp-content\/uploads\/2025\/05\/Kyojin-Logo-2025.svg","contentUrl":"https:\/\/kyojin.com.ar\/wp-content\/uploads\/2025\/05\/Kyojin-Logo-2025.svg","width":1368,"height":361,"caption":"KYOJIN Probi\u00f3ticos"},"image":{"@id":"https:\/\/kyojin.com.ar\/#\/schema\/logo\/image\/"},"sameAs":["https:\/\/www.instagram.com\/kyojinoficial\/","https:\/\/www.linkedin.com\/company\/kyojinargentina\/posts\/?feedView=all"]}]}},"_links":{"self":[{"href":"https:\/\/kyojin.com.ar\/en\/wp-json\/wp\/v2\/pages\/5949","targetHints":{"allow":["GET"]}}],"collection":[{"href":"https:\/\/kyojin.com.ar\/en\/wp-json\/wp\/v2\/pages"}],"about":[{"href":"https:\/\/kyojin.com.ar\/en\/wp-json\/wp\/v2\/types\/page"}],"author":[{"embeddable":true,"href":"https:\/\/kyojin.com.ar\/en\/wp-json\/wp\/v2\/users\/2"}],"replies":[{"embeddable":true,"href":"https:\/\/kyojin.com.ar\/en\/wp-json\/wp\/v2\/comments?post=5949"}],"version-history":[{"count":0,"href":"https:\/\/kyojin.com.ar\/en\/wp-json\/wp\/v2\/pages\/5949\/revisions"}],"wp:attachment":[{"href":"https:\/\/kyojin.com.ar\/en\/wp-json\/wp\/v2\/media?parent=5949"}],"curies":[{"name":"wp","href":"https:\/\/api.w.org\/{rel}","templated":true}]}}