{"id":5631,"date":"2025-06-10T17:59:07","date_gmt":"2025-06-10T20:59:07","guid":{"rendered":"http:\/\/kyojin.com.ar\/?post_type=product&#038;p=5631"},"modified":"2026-04-06T11:43:01","modified_gmt":"2026-04-06T14:43:01","slug":"repelente-de-mosquitos-kyojin-para-adultos-en-spray-200-ml","status":"publish","type":"product","link":"http:\/\/kyojin.com.ar\/en\/product\/repelente-de-mosquitos-kyojin-para-adultos-en-spray-200-ml\/","title":{"rendered":"KYOJIN Long-Lasting Mosquito Repellent for Adults"},"content":{"rendered":"<p data-start=\"344\" data-end=\"699\" class=\"translation-block\">KYOJIN Mosquito Repellent Spray for Adults provides effective, long-lasting protection against bites, including those from species that transmit diseases such as *Aedes aegypti*, the dengue vector. Its formula contains 25% DEET, a compound widely recognized for its repellent efficacy, and is free from parabens.<\/p>\n<p data-start=\"701\" data-end=\"954\">It works by creating an olfactory barrier on the skin that interferes with the mosquitoes\u2019 sensors, making it harder for them to locate the host. In addition, DEET acts directly on the insects\u2019 nervous system, enhancing its repellent effect.<\/p>\n<p data-start=\"956\" data-end=\"1217\" class=\"translation-block\">Provides over 12 hours of continuous protection, and its effectiveness against Aedes aegypti is supported by certified studies from CEPAVE (Center for Parasitological and Vector Studies), part of the National University of La Plata (UNLP) and CONICET.<\/p>\n<p data-start=\"956\" data-end=\"1217\">For use, it is recommended to apply directly to exposed skin, avoiding contact with eyes and mucous membranes. Reapply in case of heavy sweating or after several hours outdoors.<\/p>","protected":false},"excerpt":{"rendered":"<p>Repellent spray with 25% DEET that provides over 12 hours of effective protection against mosquitoes, including Aedes aegypti. It is paraben-free and has a long-lasting formula. Efficacy validated by CEPAVE \u2013 CONICET.<\/p>","protected":false},"featured_media":6698,"template":"","meta":{"inline_featured_image":false,"site-sidebar-layout":"default","site-content-layout":"","ast-site-content-layout":"default","site-content-style":"default","site-sidebar-style":"default","ast-global-header-display":"","ast-banner-title-visibility":"","ast-main-header-display":"","ast-hfb-above-header-display":"","ast-hfb-below-header-display":"","ast-hfb-mobile-header-display":"","site-post-title":"","ast-breadcrumbs-content":"","ast-featured-img":"","footer-sml-layout":"","theme-transparent-header-meta":"default","adv-header-id-meta":"","stick-header-meta":"","header-above-stick-meta":"","header-main-stick-meta":"","header-below-stick-meta":"","astra-migrate-meta-layouts":"set","ast-page-background-enabled":"default","ast-page-background-meta":{"desktop":{"background-color":"var(--ast-global-color-5)","background-image":"","background-repeat":"repeat","background-position":"center center","background-size":"auto","background-attachment":"scroll","background-type":"","background-media":"","overlay-type":"","overlay-color":"","overlay-opacity":"","overlay-gradient":""},"tablet":{"background-color":"","background-image":"","background-repeat":"repeat","background-position":"center center","background-size":"auto","background-attachment":"scroll","background-type":"","background-media":"","overlay-type":"","overlay-color":"","overlay-opacity":"","overlay-gradient":""},"mobile":{"background-color":"","background-image":"","background-repeat":"repeat","background-position":"center center","background-size":"auto","background-attachment":"scroll","background-type":"","background-media":"","overlay-type":"","overlay-color":"","overlay-opacity":"","overlay-gradient":""}},"ast-content-background-meta":{"desktop":{"background-color":"var(--ast-global-color-4)","background-image":"","background-repeat":"repeat","background-position":"center center","background-size":"auto","background-attachment":"scroll","background-type":"","background-media":"","overlay-type":"","overlay-color":"","overlay-opacity":"","overlay-gradient":""},"tablet":{"background-color":"var(--ast-global-color-4)","background-image":"","background-repeat":"repeat","background-position":"center center","background-size":"auto","background-attachment":"scroll","background-type":"","background-media":"","overlay-type":"","overlay-color":"","overlay-opacity":"","overlay-gradient":""},"mobile":{"background-color":"var(--ast-global-color-4)","background-image":"","background-repeat":"repeat","background-position":"center center","background-size":"auto","background-attachment":"scroll","background-type":"","background-media":"","overlay-type":"","overlay-color":"","overlay-opacity":"","overlay-gradient":""}}},"product_brand":[33],"product_cat":[32],"product_tag":[],"class_list":{"0":"post-5631","1":"product","2":"type-product","3":"status-publish","4":"has-post-thumbnail","6":"product_brand-kyojin","7":"product_cat-repelentes","8":"desktop-align-left","9":"tablet-align-left","10":"mobile-align-left","12":"first","13":"instock","14":"taxable","15":"shipping-taxable","16":"purchasable","17":"product-type-simple"},"yoast_head":"<!-- This site is optimized with the Yoast SEO plugin v25.7 - https:\/\/yoast.com\/wordpress\/plugins\/seo\/ -->\n<title>Repelente de mosquitos KYOJIN para adultos extra duraci\u00f3n<\/title>\n<meta name=\"description\" content=\"Protecci\u00f3n total por hasta 8 horas. Con nuestro repelente de mosquitos en spray, manten\u00e9 lejos al transmisor del dengue. Disfrut\u00e1 al aire libre.\" \/>\n<meta name=\"robots\" content=\"index, follow, max-snippet:-1, max-image-preview:large, max-video-preview:-1\" \/>\n<link rel=\"canonical\" href=\"https:\/\/kyojin.com.ar\/en\/product\/repelente-de-mosquitos-kyojin-para-adultos-en-spray-200-ml\/\" \/>\n<meta property=\"og:locale\" content=\"en_GB\" \/>\n<meta property=\"og:type\" content=\"article\" \/>\n<meta property=\"og:title\" content=\"Repelente de mosquitos KYOJIN para adultos extra duraci\u00f3n\" \/>\n<meta property=\"og:description\" content=\"Protecci\u00f3n total por hasta 8 horas. Con nuestro repelente de mosquitos en spray, manten\u00e9 lejos al transmisor del dengue. Disfrut\u00e1 al aire libre.\" \/>\n<meta property=\"og:url\" content=\"https:\/\/kyojin.com.ar\/en\/product\/repelente-de-mosquitos-kyojin-para-adultos-en-spray-200-ml\/\" \/>\n<meta property=\"og:site_name\" content=\"KYOJIN Probi\u00f3ticos\" \/>\n<meta property=\"article:modified_time\" content=\"2026-04-06T14:43:01+00:00\" \/>\n<meta property=\"og:image\" content=\"http:\/\/kyojin.com.ar\/wp-content\/uploads\/2025\/08\/DSC_0032-scaled.jpg\" \/>\n\t<meta property=\"og:image:width\" content=\"2560\" \/>\n\t<meta property=\"og:image:height\" content=\"2560\" \/>\n\t<meta property=\"og:image:type\" content=\"image\/jpeg\" \/>\n<meta name=\"twitter:card\" content=\"summary_large_image\" \/>\n<meta name=\"twitter:label1\" content=\"Estimated reading time\" \/>\n\t<meta name=\"twitter:data1\" content=\"1 minute\" \/>\n<script type=\"application\/ld+json\" class=\"yoast-schema-graph\">{\"@context\":\"https:\/\/schema.org\",\"@graph\":[{\"@type\":\"WebPage\",\"@id\":\"https:\/\/kyojin.com.ar\/producto\/repelente-de-mosquitos-kyojin-para-adultos-en-spray-200-ml\/\",\"url\":\"https:\/\/kyojin.com.ar\/producto\/repelente-de-mosquitos-kyojin-para-adultos-en-spray-200-ml\/\",\"name\":\"Repelente de mosquitos KYOJIN para adultos extra duraci\u00f3n\",\"isPartOf\":{\"@id\":\"https:\/\/kyojin.com.ar\/#website\"},\"primaryImageOfPage\":{\"@id\":\"https:\/\/kyojin.com.ar\/producto\/repelente-de-mosquitos-kyojin-para-adultos-en-spray-200-ml\/#primaryimage\"},\"image\":{\"@id\":\"https:\/\/kyojin.com.ar\/producto\/repelente-de-mosquitos-kyojin-para-adultos-en-spray-200-ml\/#primaryimage\"},\"thumbnailUrl\":\"http:\/\/kyojin.com.ar\/wp-content\/uploads\/2025\/08\/DSC_0032-scaled.jpg\",\"datePublished\":\"2025-06-10T20:59:07+00:00\",\"dateModified\":\"2026-04-06T14:43:01+00:00\",\"description\":\"Protecci\u00f3n total por hasta 8 horas. Con nuestro repelente de mosquitos en spray, manten\u00e9 lejos al transmisor del dengue. Disfrut\u00e1 al aire libre.\",\"breadcrumb\":{\"@id\":\"https:\/\/kyojin.com.ar\/producto\/repelente-de-mosquitos-kyojin-para-adultos-en-spray-200-ml\/#breadcrumb\"},\"inLanguage\":\"en-GB\",\"potentialAction\":[{\"@type\":\"ReadAction\",\"target\":[\"https:\/\/kyojin.com.ar\/producto\/repelente-de-mosquitos-kyojin-para-adultos-en-spray-200-ml\/\"]}]},{\"@type\":\"ImageObject\",\"inLanguage\":\"en-GB\",\"@id\":\"https:\/\/kyojin.com.ar\/producto\/repelente-de-mosquitos-kyojin-para-adultos-en-spray-200-ml\/#primaryimage\",\"url\":\"http:\/\/kyojin.com.ar\/wp-content\/uploads\/2025\/08\/DSC_0032-scaled.jpg\",\"contentUrl\":\"http:\/\/kyojin.com.ar\/wp-content\/uploads\/2025\/08\/DSC_0032-scaled.jpg\",\"width\":2560,\"height\":2560},{\"@type\":\"BreadcrumbList\",\"@id\":\"https:\/\/kyojin.com.ar\/producto\/repelente-de-mosquitos-kyojin-para-adultos-en-spray-200-ml\/#breadcrumb\",\"itemListElement\":[{\"@type\":\"ListItem\",\"position\":1,\"name\":\"Portada\",\"item\":\"https:\/\/kyojin.com.ar\/\"},{\"@type\":\"ListItem\",\"position\":2,\"name\":\"Productos\",\"item\":\"http:\/\/kyojin.com.ar\/productos\/\"},{\"@type\":\"ListItem\",\"position\":3,\"name\":\"Repelente de mosquitos KYOJIN para adultos extra duraci\u00f3n\"}]},{\"@type\":\"WebSite\",\"@id\":\"https:\/\/kyojin.com.ar\/#website\",\"url\":\"https:\/\/kyojin.com.ar\/\",\"name\":\"KYOJIN Probi\u00f3ticos\",\"description\":\"Innovaci\u00f3n cient\u00edfica para una vida m\u00e1s saludable\",\"publisher\":{\"@id\":\"https:\/\/kyojin.com.ar\/#organization\"},\"potentialAction\":[{\"@type\":\"SearchAction\",\"target\":{\"@type\":\"EntryPoint\",\"urlTemplate\":\"https:\/\/kyojin.com.ar\/?s={search_term_string}\"},\"query-input\":{\"@type\":\"PropertyValueSpecification\",\"valueRequired\":true,\"valueName\":\"search_term_string\"}}],\"inLanguage\":\"en-GB\"},{\"@type\":\"Organization\",\"@id\":\"https:\/\/kyojin.com.ar\/#organization\",\"name\":\"KYOJIN Probi\u00f3ticos\",\"url\":\"https:\/\/kyojin.com.ar\/\",\"logo\":{\"@type\":\"ImageObject\",\"inLanguage\":\"en-GB\",\"@id\":\"https:\/\/kyojin.com.ar\/#\/schema\/logo\/image\/\",\"url\":\"http:\/\/kyojin.com.ar\/wp-content\/uploads\/2025\/05\/Kyojin-Logo-2025.svg\",\"contentUrl\":\"http:\/\/kyojin.com.ar\/wp-content\/uploads\/2025\/05\/Kyojin-Logo-2025.svg\",\"width\":1368,\"height\":361,\"caption\":\"KYOJIN Probi\u00f3ticos\"},\"image\":{\"@id\":\"https:\/\/kyojin.com.ar\/#\/schema\/logo\/image\/\"},\"sameAs\":[\"https:\/\/www.instagram.com\/kyojinoficial\/\",\"https:\/\/www.linkedin.com\/company\/kyojinargentina\/posts\/?feedView=all\"]}]}<\/script>\n<!-- \/ Yoast SEO plugin. -->","yoast_head_json":{"title":"KYOJIN Long-Lasting Mosquito Repellent for Adults","description":"Protecci\u00f3n total por hasta 8 horas. Con nuestro repelente de mosquitos en spray, manten\u00e9 lejos al transmisor del dengue. Disfrut\u00e1 al aire libre.","robots":{"index":"index","follow":"follow","max-snippet":"max-snippet:-1","max-image-preview":"max-image-preview:large","max-video-preview":"max-video-preview:-1"},"canonical":"https:\/\/kyojin.com.ar\/en\/product\/repelente-de-mosquitos-kyojin-para-adultos-en-spray-200-ml\/","og_locale":"en_GB","og_type":"article","og_title":"Repelente de mosquitos KYOJIN para adultos extra duraci\u00f3n","og_description":"Protecci\u00f3n total por hasta 8 horas. Con nuestro repelente de mosquitos en spray, manten\u00e9 lejos al transmisor del dengue. Disfrut\u00e1 al aire libre.","og_url":"https:\/\/kyojin.com.ar\/en\/product\/repelente-de-mosquitos-kyojin-para-adultos-en-spray-200-ml\/","og_site_name":"KYOJIN Probi\u00f3ticos","article_modified_time":"2026-04-06T14:43:01+00:00","og_image":[{"width":2560,"height":2560,"url":"http:\/\/kyojin.com.ar\/wp-content\/uploads\/2025\/08\/DSC_0032-scaled.jpg","type":"image\/jpeg"}],"twitter_card":"summary_large_image","twitter_misc":{"Estimated reading time":"1 minute"},"schema":{"@context":"https:\/\/schema.org","@graph":[{"@type":"WebPage","@id":"https:\/\/kyojin.com.ar\/producto\/repelente-de-mosquitos-kyojin-para-adultos-en-spray-200-ml\/","url":"https:\/\/kyojin.com.ar\/producto\/repelente-de-mosquitos-kyojin-para-adultos-en-spray-200-ml\/","name":"KYOJIN Long-Lasting Mosquito Repellent for Adults","isPartOf":{"@id":"https:\/\/kyojin.com.ar\/#website"},"primaryImageOfPage":{"@id":"https:\/\/kyojin.com.ar\/producto\/repelente-de-mosquitos-kyojin-para-adultos-en-spray-200-ml\/#primaryimage"},"image":{"@id":"https:\/\/kyojin.com.ar\/producto\/repelente-de-mosquitos-kyojin-para-adultos-en-spray-200-ml\/#primaryimage"},"thumbnailUrl":"http:\/\/kyojin.com.ar\/wp-content\/uploads\/2025\/08\/DSC_0032-scaled.jpg","datePublished":"2025-06-10T20:59:07+00:00","dateModified":"2026-04-06T14:43:01+00:00","description":"Protecci\u00f3n total por hasta 8 horas. Con nuestro repelente de mosquitos en spray, manten\u00e9 lejos al transmisor del dengue. Disfrut\u00e1 al aire libre.","breadcrumb":{"@id":"https:\/\/kyojin.com.ar\/producto\/repelente-de-mosquitos-kyojin-para-adultos-en-spray-200-ml\/#breadcrumb"},"inLanguage":"en-GB","potentialAction":[{"@type":"ReadAction","target":["https:\/\/kyojin.com.ar\/producto\/repelente-de-mosquitos-kyojin-para-adultos-en-spray-200-ml\/"]}]},{"@type":"ImageObject","inLanguage":"en-GB","@id":"https:\/\/kyojin.com.ar\/producto\/repelente-de-mosquitos-kyojin-para-adultos-en-spray-200-ml\/#primaryimage","url":"http:\/\/kyojin.com.ar\/wp-content\/uploads\/2025\/08\/DSC_0032-scaled.jpg","contentUrl":"http:\/\/kyojin.com.ar\/wp-content\/uploads\/2025\/08\/DSC_0032-scaled.jpg","width":2560,"height":2560},{"@type":"BreadcrumbList","@id":"https:\/\/kyojin.com.ar\/producto\/repelente-de-mosquitos-kyojin-para-adultos-en-spray-200-ml\/#breadcrumb","itemListElement":[{"@type":"ListItem","position":1,"name":"Portada","item":"https:\/\/kyojin.com.ar\/"},{"@type":"ListItem","position":2,"name":"Productos","item":"http:\/\/kyojin.com.ar\/productos\/"},{"@type":"ListItem","position":3,"name":"Repelente de mosquitos KYOJIN para adultos extra duraci\u00f3n"}]},{"@type":"WebSite","@id":"https:\/\/kyojin.com.ar\/#website","url":"https:\/\/kyojin.com.ar\/","name":"KYOJIN Probi\u00f3ticos","description":"Innovaci\u00f3n cient\u00edfica para una vida m\u00e1s saludable","publisher":{"@id":"https:\/\/kyojin.com.ar\/#organization"},"potentialAction":[{"@type":"SearchAction","target":{"@type":"EntryPoint","urlTemplate":"https:\/\/kyojin.com.ar\/?s={search_term_string}"},"query-input":{"@type":"PropertyValueSpecification","valueRequired":true,"valueName":"search_term_string"}}],"inLanguage":"en-GB"},{"@type":"Organization","@id":"https:\/\/kyojin.com.ar\/#organization","name":"KYOJIN Probi\u00f3ticos","url":"https:\/\/kyojin.com.ar\/","logo":{"@type":"ImageObject","inLanguage":"en-GB","@id":"https:\/\/kyojin.com.ar\/#\/schema\/logo\/image\/","url":"http:\/\/kyojin.com.ar\/wp-content\/uploads\/2025\/05\/Kyojin-Logo-2025.svg","contentUrl":"http:\/\/kyojin.com.ar\/wp-content\/uploads\/2025\/05\/Kyojin-Logo-2025.svg","width":1368,"height":361,"caption":"KYOJIN Probi\u00f3ticos"},"image":{"@id":"https:\/\/kyojin.com.ar\/#\/schema\/logo\/image\/"},"sameAs":["https:\/\/www.instagram.com\/kyojinoficial\/","https:\/\/www.linkedin.com\/company\/kyojinargentina\/posts\/?feedView=all"]}]}},"_links":{"self":[{"href":"http:\/\/kyojin.com.ar\/en\/wp-json\/wp\/v2\/product\/5631","targetHints":{"allow":["GET"]}}],"collection":[{"href":"http:\/\/kyojin.com.ar\/en\/wp-json\/wp\/v2\/product"}],"about":[{"href":"http:\/\/kyojin.com.ar\/en\/wp-json\/wp\/v2\/types\/product"}],"wp:featuredmedia":[{"embeddable":true,"href":"http:\/\/kyojin.com.ar\/en\/wp-json\/wp\/v2\/media\/6698"}],"wp:attachment":[{"href":"http:\/\/kyojin.com.ar\/en\/wp-json\/wp\/v2\/media?parent=5631"}],"wp:term":[{"taxonomy":"product_brand","embeddable":true,"href":"http:\/\/kyojin.com.ar\/en\/wp-json\/wp\/v2\/product_brand?post=5631"},{"taxonomy":"product_cat","embeddable":true,"href":"http:\/\/kyojin.com.ar\/en\/wp-json\/wp\/v2\/product_cat?post=5631"},{"taxonomy":"product_tag","embeddable":true,"href":"http:\/\/kyojin.com.ar\/en\/wp-json\/wp\/v2\/product_tag?post=5631"}],"curies":[{"name":"wp","href":"https:\/\/api.w.org\/{rel}","templated":true}]}}