{"id":5943,"date":"2025-06-19T19:08:32","date_gmt":"2025-06-19T22:08:32","guid":{"rendered":"https:\/\/kyojin.com.ar\/?page_id=5943"},"modified":"2025-06-19T19:08:32","modified_gmt":"2025-06-19T22:08:32","slug":"embarazo-y-lactancia","status":"publish","type":"page","link":"http:\/\/kyojin.com.ar\/en\/embarazo-y-lactancia\/","title":{"rendered":"Pregnancy and Breastfeeding"},"content":{"rendered":"<p>During pregnancy and breastfeeding, it is essential for the mother to maintain a healthy balance of her microbiota\u2014especially the gut and vaginal microbiota. This balance helps strengthen the immune system of both the mother and the baby, as the antibodies produced by the mother can be passed to the baby through the umbilical cord. The gut and vaginal microbiota also play a key role in shaping the baby\u2019s epigenetic markers, which influence their long-term health and susceptibility to disease throughout life.&nbsp;<\/p>\n\n\n\n<p>The maternal microbiota is the first to colonize the baby\u2019s tissues\u2014such as the gut, skin, and respiratory tract\u2014from the sixth month of pregnancy through birth (especially in the case of vaginal delivery). Breast milk also provides beneficial bacteria, primarily lactic acid bacteria.<\/p>\n\n\n\n<p>Since recent studies suggest that part of the mother\u2019s microbiota may begin reaching the baby as early as the sixth month of pregnancy, experts emphasize the importance of caring for the maternal microbiota during the first 1,000 days\u2014from pregnancy through the child\u2019s first two years of life.<\/p>\n\n\n\n<p>This is why taking probiotics during pregnancy and breastfeeding is so important. But why choose Kyojin?<strong>?<\/strong><\/p>\n\n\n\n<p class=\"translation-block\">Kyojin is a probiotic that, in addition to offering intestinal, neurological, and metabolic benefits, contains spores of Bacillus subtilis\u2014a scientifically proven bacterium that protects and supports the body\u2019s own beneficial lactic acid bacteria. This makes it an ideal ally during pregnancy and breastfeeding, helping both mother and baby from the very beginning.<\/p>\n\n\n\n<p><strong>Related Papers:<\/strong><\/p>\n\n\n\n<ol class=\"wp-block-list\">\n<li>Bethany M. Henrick, y col (2021). Bifidobacteria-mediated immune system imprinting early in life. Cell 184, 3884\u20133898, https:\/\/doi.org\/10.1016\/j.cell.2021.05.030.<\/li>\n\n\n\n<li>Archita Mishra, Ghee Chuan Lai,y col (2021). Microbial exposure during early human development primes fetal immune cells. Cell 184, 1\u201316 June 24,<\/li>\n\n\n\n<li>https:\/\/doi.org\/10.1016\/j.cell.2021.04.039.<\/li>\n\n\n\n<li>Ruairi C. Robertson, Amee R. Manges, y col (2018). The Human Microbiome and Child Growth \u2013 First 1000 Days and Beyond. Trends in Microbiol., https:\/\/doi.org\/10.1016\/j.tim.2018.09.008.<\/li>\n\n\n\n<li>www.kyojin.com.ar.<\/li>\n\n\n\n<li>Francisco M and Grau R (2018). Probiotic Bacillus subtilis prevents alpha-synuclein aggregation and extends the healthy lifespan in Parkinson disease model Caenorhabditis elegans. Advances in Alzheimer &amp; Parkinson therapies and AAT-AD \/ PD Focus Meeting. Turin \u2013 Italy, 15 \u2013 18 March.<\/li>\n\n\n\n<li>Cogliati S., Clementi V., Francisco M., Crespo C., Arga\u00f1araz F., and Grau R. (2020). Bacillus subtilis delays neurodegeneration and behavioral impairment in the Alzheimer\u00b4s disease model Caenorhabditis elegans. J. Alz. Dis. 73 (3): 1035-1052. Doi: 10.3233\/JAD-190837.<\/li>\n\n\n\n<li>Goya M, Sue F, y col (2020). Probiotic Bacillus subtilis protects against alpha synuclein aggregation in C. elegans. Cell Rep (30)2: 367 \u2013 380.<\/li>\n\n\n\n<li>Cardinali N, Bauman C, Rodriguez Ayala F, Grau R. (2020). Two cases of type 2 diabetes mellitus successfully treated with probiotics. Clin. Case Rep.; doi 10.1002\/ccr3.3354.<\/li>\n\n\n\n<li>VidyaLaxme B, Rovetto A, Grau R, and Agrawal R (2014). Synergistic effects of probiotic Leuconostoc mesenteroides and Bacillus subtilis in malted ragi (Eleucine corocana) food for antagonistic activity against Vibrio cholerae and other beneficial properties. J. Food Sci. Tech. 51 (11): 3072-82. doi: 10.1007\/s13197-012-0834-5.<\/li>\n<\/ol>\n\n\n\n<div style=\"height:50px\" aria-hidden=\"true\" class=\"wp-block-spacer\"><\/div>\n\n\n\n<div class=\"wp-block-buttons is-layout-flex wp-block-buttons-is-layout-flex\">\n<div class=\"wp-block-button\"><a class=\"wp-block-button__link wp-element-button\" href=\"https:\/\/kyojin.com.ar\/en\/investigaciones\/#seccion-siguiente\">Back<\/a><\/div>\n<\/div>","protected":false},"excerpt":{"rendered":"<p>Durante el embarazo y la lactancia, es fundamental que la madre mantenga un buen equilibrio de su microbiota (conjunto de [&hellip;]<\/p>","protected":false},"author":2,"featured_media":0,"parent":0,"menu_order":0,"comment_status":"closed","ping_status":"closed","template":"","meta":{"inline_featured_image":false,"site-sidebar-layout":"default","site-content-layout":"","ast-site-content-layout":"default","site-content-style":"default","site-sidebar-style":"default","ast-global-header-display":"","ast-banner-title-visibility":"","ast-main-header-display":"","ast-hfb-above-header-display":"","ast-hfb-below-header-display":"","ast-hfb-mobile-header-display":"","site-post-title":"","ast-breadcrumbs-content":"","ast-featured-img":"","footer-sml-layout":"","theme-transparent-header-meta":"","adv-header-id-meta":"","stick-header-meta":"","header-above-stick-meta":"","header-main-stick-meta":"","header-below-stick-meta":"","astra-migrate-meta-layouts":"default","ast-page-background-enabled":"default","ast-page-background-meta":{"desktop":{"background-color":"var(--ast-global-color-5)","background-image":"","background-repeat":"repeat","background-position":"center center","background-size":"auto","background-attachment":"scroll","background-type":"","background-media":"","overlay-type":"","overlay-color":"","overlay-opacity":"","overlay-gradient":""},"tablet":{"background-color":"","background-image":"","background-repeat":"repeat","background-position":"center center","background-size":"auto","background-attachment":"scroll","background-type":"","background-media":"","overlay-type":"","overlay-color":"","overlay-opacity":"","overlay-gradient":""},"mobile":{"background-color":"","background-image":"","background-repeat":"repeat","background-position":"center center","background-size":"auto","background-attachment":"scroll","background-type":"","background-media":"","overlay-type":"","overlay-color":"","overlay-opacity":"","overlay-gradient":""}},"ast-content-background-meta":{"desktop":{"background-color":"var(--ast-global-color-4)","background-image":"","background-repeat":"repeat","background-position":"center center","background-size":"auto","background-attachment":"scroll","background-type":"","background-media":"","overlay-type":"","overlay-color":"","overlay-opacity":"","overlay-gradient":""},"tablet":{"background-color":"var(--ast-global-color-4)","background-image":"","background-repeat":"repeat","background-position":"center center","background-size":"auto","background-attachment":"scroll","background-type":"","background-media":"","overlay-type":"","overlay-color":"","overlay-opacity":"","overlay-gradient":""},"mobile":{"background-color":"var(--ast-global-color-4)","background-image":"","background-repeat":"repeat","background-position":"center center","background-size":"auto","background-attachment":"scroll","background-type":"","background-media":"","overlay-type":"","overlay-color":"","overlay-opacity":"","overlay-gradient":""}},"footnotes":""},"class_list":["post-5943","page","type-page","status-publish","hentry"],"yoast_head":"<!-- This site is optimized with the Yoast SEO plugin v25.7 - https:\/\/yoast.com\/wordpress\/plugins\/seo\/ -->\n<title>Embarazo y lactancia - KYOJIN Probi\u00f3ticos<\/title>\n<meta name=\"robots\" content=\"index, follow, max-snippet:-1, max-image-preview:large, max-video-preview:-1\" \/>\n<link rel=\"canonical\" href=\"http:\/\/kyojin.com.ar\/en\/embarazo-y-lactancia\/\" \/>\n<meta property=\"og:locale\" content=\"en_GB\" \/>\n<meta property=\"og:type\" content=\"article\" \/>\n<meta property=\"og:title\" content=\"Embarazo y lactancia - KYOJIN Probi\u00f3ticos\" \/>\n<meta property=\"og:description\" content=\"Durante el embarazo y la lactancia, es fundamental que la madre mantenga un buen equilibrio de su microbiota (conjunto de [&hellip;]\" \/>\n<meta property=\"og:url\" content=\"http:\/\/kyojin.com.ar\/en\/embarazo-y-lactancia\/\" \/>\n<meta property=\"og:site_name\" content=\"KYOJIN Probi\u00f3ticos\" \/>\n<meta name=\"twitter:card\" content=\"summary_large_image\" \/>\n<meta name=\"twitter:label1\" content=\"Estimated reading time\" \/>\n\t<meta name=\"twitter:data1\" content=\"3 minutes\" \/>\n<script type=\"application\/ld+json\" class=\"yoast-schema-graph\">{\"@context\":\"https:\/\/schema.org\",\"@graph\":[{\"@type\":\"WebPage\",\"@id\":\"http:\/\/kyojin.com.ar\/embarazo-y-lactancia\/\",\"url\":\"http:\/\/kyojin.com.ar\/embarazo-y-lactancia\/\",\"name\":\"Embarazo y lactancia - KYOJIN Probi\u00f3ticos\",\"isPartOf\":{\"@id\":\"https:\/\/kyojin.com.ar\/#website\"},\"datePublished\":\"2025-06-19T22:08:32+00:00\",\"breadcrumb\":{\"@id\":\"http:\/\/kyojin.com.ar\/embarazo-y-lactancia\/#breadcrumb\"},\"inLanguage\":\"en-GB\",\"potentialAction\":[{\"@type\":\"ReadAction\",\"target\":[\"http:\/\/kyojin.com.ar\/embarazo-y-lactancia\/\"]}]},{\"@type\":\"BreadcrumbList\",\"@id\":\"http:\/\/kyojin.com.ar\/embarazo-y-lactancia\/#breadcrumb\",\"itemListElement\":[{\"@type\":\"ListItem\",\"position\":1,\"name\":\"Portada\",\"item\":\"https:\/\/kyojin.com.ar\/\"},{\"@type\":\"ListItem\",\"position\":2,\"name\":\"Embarazo y lactancia\"}]},{\"@type\":\"WebSite\",\"@id\":\"https:\/\/kyojin.com.ar\/#website\",\"url\":\"https:\/\/kyojin.com.ar\/\",\"name\":\"KYOJIN Probi\u00f3ticos\",\"description\":\"Innovaci\u00f3n cient\u00edfica para una vida m\u00e1s saludable\",\"publisher\":{\"@id\":\"https:\/\/kyojin.com.ar\/#organization\"},\"potentialAction\":[{\"@type\":\"SearchAction\",\"target\":{\"@type\":\"EntryPoint\",\"urlTemplate\":\"https:\/\/kyojin.com.ar\/?s={search_term_string}\"},\"query-input\":{\"@type\":\"PropertyValueSpecification\",\"valueRequired\":true,\"valueName\":\"search_term_string\"}}],\"inLanguage\":\"en-GB\"},{\"@type\":\"Organization\",\"@id\":\"https:\/\/kyojin.com.ar\/#organization\",\"name\":\"KYOJIN Probi\u00f3ticos\",\"url\":\"https:\/\/kyojin.com.ar\/\",\"logo\":{\"@type\":\"ImageObject\",\"inLanguage\":\"en-GB\",\"@id\":\"https:\/\/kyojin.com.ar\/#\/schema\/logo\/image\/\",\"url\":\"http:\/\/kyojin.com.ar\/wp-content\/uploads\/2025\/05\/Kyojin-Logo-2025.svg\",\"contentUrl\":\"http:\/\/kyojin.com.ar\/wp-content\/uploads\/2025\/05\/Kyojin-Logo-2025.svg\",\"width\":1368,\"height\":361,\"caption\":\"KYOJIN Probi\u00f3ticos\"},\"image\":{\"@id\":\"https:\/\/kyojin.com.ar\/#\/schema\/logo\/image\/\"},\"sameAs\":[\"https:\/\/www.instagram.com\/kyojinoficial\/\",\"https:\/\/www.linkedin.com\/company\/kyojinargentina\/posts\/?feedView=all\"]}]}<\/script>\n<!-- \/ Yoast SEO plugin. -->","yoast_head_json":{"title":"Embarazo y lactancia - KYOJIN Probi\u00f3ticos","robots":{"index":"index","follow":"follow","max-snippet":"max-snippet:-1","max-image-preview":"max-image-preview:large","max-video-preview":"max-video-preview:-1"},"canonical":"http:\/\/kyojin.com.ar\/en\/embarazo-y-lactancia\/","og_locale":"en_GB","og_type":"article","og_title":"Embarazo y lactancia - KYOJIN Probi\u00f3ticos","og_description":"Durante el embarazo y la lactancia, es fundamental que la madre mantenga un buen equilibrio de su microbiota (conjunto de [&hellip;]","og_url":"http:\/\/kyojin.com.ar\/en\/embarazo-y-lactancia\/","og_site_name":"KYOJIN Probi\u00f3ticos","twitter_card":"summary_large_image","twitter_misc":{"Estimated reading time":"3 minutes"},"schema":{"@context":"https:\/\/schema.org","@graph":[{"@type":"WebPage","@id":"http:\/\/kyojin.com.ar\/embarazo-y-lactancia\/","url":"http:\/\/kyojin.com.ar\/embarazo-y-lactancia\/","name":"Embarazo y lactancia - KYOJIN Probi\u00f3ticos","isPartOf":{"@id":"https:\/\/kyojin.com.ar\/#website"},"datePublished":"2025-06-19T22:08:32+00:00","breadcrumb":{"@id":"http:\/\/kyojin.com.ar\/embarazo-y-lactancia\/#breadcrumb"},"inLanguage":"en-GB","potentialAction":[{"@type":"ReadAction","target":["http:\/\/kyojin.com.ar\/embarazo-y-lactancia\/"]}]},{"@type":"BreadcrumbList","@id":"http:\/\/kyojin.com.ar\/embarazo-y-lactancia\/#breadcrumb","itemListElement":[{"@type":"ListItem","position":1,"name":"Portada","item":"https:\/\/kyojin.com.ar\/"},{"@type":"ListItem","position":2,"name":"Embarazo y lactancia"}]},{"@type":"WebSite","@id":"https:\/\/kyojin.com.ar\/#website","url":"https:\/\/kyojin.com.ar\/","name":"KYOJIN Probi\u00f3ticos","description":"Innovaci\u00f3n cient\u00edfica para una vida m\u00e1s saludable","publisher":{"@id":"https:\/\/kyojin.com.ar\/#organization"},"potentialAction":[{"@type":"SearchAction","target":{"@type":"EntryPoint","urlTemplate":"https:\/\/kyojin.com.ar\/?s={search_term_string}"},"query-input":{"@type":"PropertyValueSpecification","valueRequired":true,"valueName":"search_term_string"}}],"inLanguage":"en-GB"},{"@type":"Organization","@id":"https:\/\/kyojin.com.ar\/#organization","name":"KYOJIN Probi\u00f3ticos","url":"https:\/\/kyojin.com.ar\/","logo":{"@type":"ImageObject","inLanguage":"en-GB","@id":"https:\/\/kyojin.com.ar\/#\/schema\/logo\/image\/","url":"http:\/\/kyojin.com.ar\/wp-content\/uploads\/2025\/05\/Kyojin-Logo-2025.svg","contentUrl":"http:\/\/kyojin.com.ar\/wp-content\/uploads\/2025\/05\/Kyojin-Logo-2025.svg","width":1368,"height":361,"caption":"KYOJIN Probi\u00f3ticos"},"image":{"@id":"https:\/\/kyojin.com.ar\/#\/schema\/logo\/image\/"},"sameAs":["https:\/\/www.instagram.com\/kyojinoficial\/","https:\/\/www.linkedin.com\/company\/kyojinargentina\/posts\/?feedView=all"]}]}},"_links":{"self":[{"href":"http:\/\/kyojin.com.ar\/en\/wp-json\/wp\/v2\/pages\/5943","targetHints":{"allow":["GET"]}}],"collection":[{"href":"http:\/\/kyojin.com.ar\/en\/wp-json\/wp\/v2\/pages"}],"about":[{"href":"http:\/\/kyojin.com.ar\/en\/wp-json\/wp\/v2\/types\/page"}],"author":[{"embeddable":true,"href":"http:\/\/kyojin.com.ar\/en\/wp-json\/wp\/v2\/users\/2"}],"replies":[{"embeddable":true,"href":"http:\/\/kyojin.com.ar\/en\/wp-json\/wp\/v2\/comments?post=5943"}],"version-history":[{"count":0,"href":"http:\/\/kyojin.com.ar\/en\/wp-json\/wp\/v2\/pages\/5943\/revisions"}],"wp:attachment":[{"href":"http:\/\/kyojin.com.ar\/en\/wp-json\/wp\/v2\/media?parent=5943"}],"curies":[{"name":"wp","href":"https:\/\/api.w.org\/{rel}","templated":true}]}}